{"id":306,"date":"2018-05-24T15:40:49","date_gmt":"2018-05-24T13:40:49","guid":{"rendered":"https:\/\/www.ihr-digitaler-steuerberater.de\/?page_id=306"},"modified":"2018-06-27T09:10:34","modified_gmt":"2018-06-27T07:10:34","slug":"ersetzendes-scannen","status":"publish","type":"page","link":"https:\/\/www.ihr-digitaler-steuerberater.de\/index.php\/digitale-steuerberatung\/ersetzendes-scannen\/","title":{"rendered":"Ersetzendes Scannen"},"content":{"rendered":"<p>Der Gesetzgeber hat seit 2017 durch das sogenannte \u201eErsetzende Scannen\u201c die M\u00f6glichkeit geschaffen, Ihre Gesch\u00e4ftsauflagen rechtsicher digital aufzubewahren.<\/p>\n<p>&nbsp;<\/p>\n<p><u>Ihre Vorteile auf einen Blick<\/u><\/p>\n<ul>\n<li>Schluss mit Aktenbergen<\/li>\n<li>Kein Platzbedarf mehr f\u00fcr Archivierung<\/li>\n<li>Wegfall von Archivierungskosten<\/li>\n<li>Zugriff auf alle Belege von \u00fcberall auf der Welt<\/li>\n<li>Textsuche<\/li>\n<li>Volltext-Suche im Beleg<\/li>\n<li>H\u00f6chstm\u00f6gliche Datensicherheit <strong>\u201emade in Germany\u201c<\/strong><\/li>\n<\/ul>\n<p>&nbsp;<\/p>\n<p><u>Wie funktioniert das ersetzende Scannen?<\/u><\/p>\n<p><img decoding=\"async\" class=\"alignnone size-full wp-image-437\" src=\"https:\/\/www.ihr-digitaler-steuerberater.de\/wp-content\/uploads\/2018\/06\/ersetzendes_scannen_MAXIMAL.png\" alt=\"\" width=\"608\" height=\"148\" srcset=\"https:\/\/www.ihr-digitaler-steuerberater.de\/wp-content\/uploads\/2018\/06\/ersetzendes_scannen_MAXIMAL-200x49.png 200w, https:\/\/www.ihr-digitaler-steuerberater.de\/wp-content\/uploads\/2018\/06\/ersetzendes_scannen_MAXIMAL-300x73.png 300w, https:\/\/www.ihr-digitaler-steuerberater.de\/wp-content\/uploads\/2018\/06\/ersetzendes_scannen_MAXIMAL-400x97.png 400w, https:\/\/www.ihr-digitaler-steuerberater.de\/wp-content\/uploads\/2018\/06\/ersetzendes_scannen_MAXIMAL-600x146.png 600w, https:\/\/www.ihr-digitaler-steuerberater.de\/wp-content\/uploads\/2018\/06\/ersetzendes_scannen_MAXIMAL.png 608w\" sizes=\"(max-width: 608px) 100vw, 608px\" \/><\/p>\n<p>&nbsp;<\/p>\n<p>Entweder Sie stellen uns Ihre Rechnungen gescannt zur Verf\u00fcgung oder wir \u00fcbernehmen das Scannen f\u00fcr Sie.<br \/>\nAnschlie\u00dfend laden wir die Belege in unser Online-Archiv und verkn\u00fcpfen sie mit dem entsprechenden Buchungssatz.<br \/>\nZum Aufrufen alter Belege nutzen Sie Ihren Online-Zugang bei uns, um den digitalisierten Beleg selber abzurufen. Auf Ihre Daten haben Sie jederzeit Zugriff. Nat\u00fcrlich kostenlos.<\/p>\n<p>Dabei legen wir Wert auf <strong>h\u00f6chste Datensicherheit durch unsere Cloud \u201eMade in Germany\u201c<\/strong>.<\/p>\n<p>Das Ablegen Ihrer Firmendaten in der digitalen Cloud der hochsicheren Rechenzentren der DATEV in N\u00fcrnberg garantiert ein Ma\u00df an Sicherheit, das ein Abspeichern auf Festplatten, lokalen Servern oder USB-Sticks nicht bieten kann. Und unsere Sicherheits-Komplettl\u00f6sung bietet Schutz vor Viren, Daten-Diebstahl und Spionage-Angriffen.<\/p>\n<p>&nbsp;<\/p>\n<p>Wenn Sie den Papierbeleg entsorgen m\u00f6chten, dann m\u00fcssen Sie mit uns gemeinsam eine individuelle Verfahrensdokumentation erarbeiten, in der Arbeits- und Scanprozesse definiert und festgehalten werden.<\/p>\n","protected":false},"excerpt":{"rendered":"<p>Der Gesetzgeber hat seit 2017 durch das sogenannte \u201eErsetzende Scannen\u201c [&hellip;]<\/p>\n","protected":false},"author":1,"featured_media":0,"parent":113,"menu_order":0,"comment_status":"closed","ping_status":"closed","template":"","meta":{"footnotes":""},"class_list":["post-306","page","type-page","status-publish","hentry"],"yoast_head":"<!-- This site is optimized with the Yoast SEO plugin v27.0 - https:\/\/yoast.com\/product\/yoast-seo-wordpress\/ -->\n<title>Ersetzendes Scannen<\/title>\n<meta name=\"description\" content=\"Ehlscheid und Fillers Steuerberatung - Ihr digitaler Steuerberater in Neuwied: digitale Steuerberatung, Buchhaltung, L\u00f6hne, Jahresabschluss, Steuererkl\u00e4rung\" \/>\n<meta name=\"robots\" content=\"index, follow, max-snippet:-1, max-image-preview:large, max-video-preview:-1\" \/>\n<link rel=\"canonical\" href=\"https:\/\/www.ihr-digitaler-steuerberater.de\/index.php\/digitale-steuerberatung\/ersetzendes-scannen\/\" \/>\n<meta property=\"og:locale\" content=\"de_DE\" \/>\n<meta property=\"og:type\" content=\"article\" \/>\n<meta property=\"og:title\" content=\"Ersetzendes Scannen\" \/>\n<meta property=\"og:description\" content=\"Ehlscheid und Fillers Steuerberatung - Ihr digitaler Steuerberater in Neuwied: digitale Steuerberatung, Buchhaltung, L\u00f6hne, Jahresabschluss, Steuererkl\u00e4rung\" \/>\n<meta property=\"og:url\" content=\"https:\/\/www.ihr-digitaler-steuerberater.de\/index.php\/digitale-steuerberatung\/ersetzendes-scannen\/\" \/>\n<meta property=\"og:site_name\" content=\"Steuerberatung Ehlscheid &amp; Fillers\" \/>\n<meta property=\"article:publisher\" content=\"https:\/\/www.facebook.com\/stbehlscheidfillers\" \/>\n<meta property=\"article:modified_time\" content=\"2018-06-27T07:10:34+00:00\" \/>\n<meta property=\"og:image\" content=\"https:\/\/www.ihr-digitaler-steuerberater.de\/wp-content\/uploads\/2018\/06\/ersetzendes_scannen_MAXIMAL.png\" \/>\n<meta name=\"twitter:card\" content=\"summary_large_image\" \/>\n<meta name=\"twitter:label1\" content=\"Gesch\u00e4tzte Lesezeit\" \/>\n\t<meta name=\"twitter:data1\" content=\"1\u00a0Minute\" \/>\n<script type=\"application\/ld+json\" class=\"yoast-schema-graph\">{\"@context\":\"https:\/\/schema.org\",\"@graph\":[{\"@type\":\"WebPage\",\"@id\":\"https:\/\/www.ihr-digitaler-steuerberater.de\/index.php\/digitale-steuerberatung\/ersetzendes-scannen\/\",\"url\":\"https:\/\/www.ihr-digitaler-steuerberater.de\/index.php\/digitale-steuerberatung\/ersetzendes-scannen\/\",\"name\":\"Ersetzendes Scannen\",\"isPartOf\":{\"@id\":\"https:\/\/www.ihr-digitaler-steuerberater.de\/#website\"},\"primaryImageOfPage\":{\"@id\":\"https:\/\/www.ihr-digitaler-steuerberater.de\/index.php\/digitale-steuerberatung\/ersetzendes-scannen\/#primaryimage\"},\"image\":{\"@id\":\"https:\/\/www.ihr-digitaler-steuerberater.de\/index.php\/digitale-steuerberatung\/ersetzendes-scannen\/#primaryimage\"},\"thumbnailUrl\":\"https:\/\/www.ihr-digitaler-steuerberater.de\/wp-content\/uploads\/2018\/06\/ersetzendes_scannen_MAXIMAL.png\",\"datePublished\":\"2018-05-24T13:40:49+00:00\",\"dateModified\":\"2018-06-27T07:10:34+00:00\",\"description\":\"Ehlscheid und Fillers Steuerberatung - Ihr digitaler Steuerberater in Neuwied: digitale Steuerberatung, Buchhaltung, L\u00f6hne, Jahresabschluss, Steuererkl\u00e4rung\",\"breadcrumb\":{\"@id\":\"https:\/\/www.ihr-digitaler-steuerberater.de\/index.php\/digitale-steuerberatung\/ersetzendes-scannen\/#breadcrumb\"},\"inLanguage\":\"de\",\"potentialAction\":[{\"@type\":\"ReadAction\",\"target\":[\"https:\/\/www.ihr-digitaler-steuerberater.de\/index.php\/digitale-steuerberatung\/ersetzendes-scannen\/\"]}]},{\"@type\":\"ImageObject\",\"inLanguage\":\"de\",\"@id\":\"https:\/\/www.ihr-digitaler-steuerberater.de\/index.php\/digitale-steuerberatung\/ersetzendes-scannen\/#primaryimage\",\"url\":\"https:\/\/www.ihr-digitaler-steuerberater.de\/wp-content\/uploads\/2018\/06\/ersetzendes_scannen_MAXIMAL.png\",\"contentUrl\":\"https:\/\/www.ihr-digitaler-steuerberater.de\/wp-content\/uploads\/2018\/06\/ersetzendes_scannen_MAXIMAL.png\",\"width\":608,\"height\":148},{\"@type\":\"BreadcrumbList\",\"@id\":\"https:\/\/www.ihr-digitaler-steuerberater.de\/index.php\/digitale-steuerberatung\/ersetzendes-scannen\/#breadcrumb\",\"itemListElement\":[{\"@type\":\"ListItem\",\"position\":1,\"name\":\"Startseite\",\"item\":\"https:\/\/www.ihr-digitaler-steuerberater.de\/\"},{\"@type\":\"ListItem\",\"position\":2,\"name\":\"Digitale Steuerberatung\",\"item\":\"https:\/\/www.ihr-digitaler-steuerberater.de\/index.php\/digitale-steuerberatung\/\"},{\"@type\":\"ListItem\",\"position\":3,\"name\":\"Ersetzendes Scannen\"}]},{\"@type\":\"WebSite\",\"@id\":\"https:\/\/www.ihr-digitaler-steuerberater.de\/#website\",\"url\":\"https:\/\/www.ihr-digitaler-steuerberater.de\/\",\"name\":\"Steuerberatung Ehlscheid & Fillers\",\"description\":\"Ihr digitaler Steuerberater in Neuwied\",\"publisher\":{\"@id\":\"https:\/\/www.ihr-digitaler-steuerberater.de\/#organization\"},\"potentialAction\":[{\"@type\":\"SearchAction\",\"target\":{\"@type\":\"EntryPoint\",\"urlTemplate\":\"https:\/\/www.ihr-digitaler-steuerberater.de\/?s={search_term_string}\"},\"query-input\":{\"@type\":\"PropertyValueSpecification\",\"valueRequired\":true,\"valueName\":\"search_term_string\"}}],\"inLanguage\":\"de\"},{\"@type\":\"Organization\",\"@id\":\"https:\/\/www.ihr-digitaler-steuerberater.de\/#organization\",\"name\":\"Ehlscheid & Fillers Steuerberatung\",\"url\":\"https:\/\/www.ihr-digitaler-steuerberater.de\/\",\"logo\":{\"@type\":\"ImageObject\",\"inLanguage\":\"de\",\"@id\":\"https:\/\/www.ihr-digitaler-steuerberater.de\/#\/schema\/logo\/image\/\",\"url\":\"https:\/\/www.ihr-digitaler-steuerberater.de\/wp-content\/uploads\/2018\/07\/logo-1.png\",\"contentUrl\":\"https:\/\/www.ihr-digitaler-steuerberater.de\/wp-content\/uploads\/2018\/07\/logo-1.png\",\"width\":245,\"height\":87,\"caption\":\"Ehlscheid & Fillers Steuerberatung\"},\"image\":{\"@id\":\"https:\/\/www.ihr-digitaler-steuerberater.de\/#\/schema\/logo\/image\/\"},\"sameAs\":[\"https:\/\/www.facebook.com\/stbehlscheidfillers\",\"https:\/\/www.linkedin.com\/company\/ehlscheid-fillers-steuerberater\"]}]}<\/script>\n<!-- \/ Yoast SEO plugin. -->","yoast_head_json":{"title":"Ersetzendes Scannen","description":"Ehlscheid und Fillers Steuerberatung - Ihr digitaler Steuerberater in Neuwied: digitale Steuerberatung, Buchhaltung, L\u00f6hne, Jahresabschluss, Steuererkl\u00e4rung","robots":{"index":"index","follow":"follow","max-snippet":"max-snippet:-1","max-image-preview":"max-image-preview:large","max-video-preview":"max-video-preview:-1"},"canonical":"https:\/\/www.ihr-digitaler-steuerberater.de\/index.php\/digitale-steuerberatung\/ersetzendes-scannen\/","og_locale":"de_DE","og_type":"article","og_title":"Ersetzendes Scannen","og_description":"Ehlscheid und Fillers Steuerberatung - Ihr digitaler Steuerberater in Neuwied: digitale Steuerberatung, Buchhaltung, L\u00f6hne, Jahresabschluss, Steuererkl\u00e4rung","og_url":"https:\/\/www.ihr-digitaler-steuerberater.de\/index.php\/digitale-steuerberatung\/ersetzendes-scannen\/","og_site_name":"Steuerberatung Ehlscheid & Fillers","article_publisher":"https:\/\/www.facebook.com\/stbehlscheidfillers","article_modified_time":"2018-06-27T07:10:34+00:00","og_image":[{"url":"https:\/\/www.ihr-digitaler-steuerberater.de\/wp-content\/uploads\/2018\/06\/ersetzendes_scannen_MAXIMAL.png","type":"","width":"","height":""}],"twitter_card":"summary_large_image","twitter_misc":{"Gesch\u00e4tzte Lesezeit":"1\u00a0Minute"},"schema":{"@context":"https:\/\/schema.org","@graph":[{"@type":"WebPage","@id":"https:\/\/www.ihr-digitaler-steuerberater.de\/index.php\/digitale-steuerberatung\/ersetzendes-scannen\/","url":"https:\/\/www.ihr-digitaler-steuerberater.de\/index.php\/digitale-steuerberatung\/ersetzendes-scannen\/","name":"Ersetzendes Scannen","isPartOf":{"@id":"https:\/\/www.ihr-digitaler-steuerberater.de\/#website"},"primaryImageOfPage":{"@id":"https:\/\/www.ihr-digitaler-steuerberater.de\/index.php\/digitale-steuerberatung\/ersetzendes-scannen\/#primaryimage"},"image":{"@id":"https:\/\/www.ihr-digitaler-steuerberater.de\/index.php\/digitale-steuerberatung\/ersetzendes-scannen\/#primaryimage"},"thumbnailUrl":"https:\/\/www.ihr-digitaler-steuerberater.de\/wp-content\/uploads\/2018\/06\/ersetzendes_scannen_MAXIMAL.png","datePublished":"2018-05-24T13:40:49+00:00","dateModified":"2018-06-27T07:10:34+00:00","description":"Ehlscheid und Fillers Steuerberatung - Ihr digitaler Steuerberater in Neuwied: digitale Steuerberatung, Buchhaltung, L\u00f6hne, Jahresabschluss, Steuererkl\u00e4rung","breadcrumb":{"@id":"https:\/\/www.ihr-digitaler-steuerberater.de\/index.php\/digitale-steuerberatung\/ersetzendes-scannen\/#breadcrumb"},"inLanguage":"de","potentialAction":[{"@type":"ReadAction","target":["https:\/\/www.ihr-digitaler-steuerberater.de\/index.php\/digitale-steuerberatung\/ersetzendes-scannen\/"]}]},{"@type":"ImageObject","inLanguage":"de","@id":"https:\/\/www.ihr-digitaler-steuerberater.de\/index.php\/digitale-steuerberatung\/ersetzendes-scannen\/#primaryimage","url":"https:\/\/www.ihr-digitaler-steuerberater.de\/wp-content\/uploads\/2018\/06\/ersetzendes_scannen_MAXIMAL.png","contentUrl":"https:\/\/www.ihr-digitaler-steuerberater.de\/wp-content\/uploads\/2018\/06\/ersetzendes_scannen_MAXIMAL.png","width":608,"height":148},{"@type":"BreadcrumbList","@id":"https:\/\/www.ihr-digitaler-steuerberater.de\/index.php\/digitale-steuerberatung\/ersetzendes-scannen\/#breadcrumb","itemListElement":[{"@type":"ListItem","position":1,"name":"Startseite","item":"https:\/\/www.ihr-digitaler-steuerberater.de\/"},{"@type":"ListItem","position":2,"name":"Digitale Steuerberatung","item":"https:\/\/www.ihr-digitaler-steuerberater.de\/index.php\/digitale-steuerberatung\/"},{"@type":"ListItem","position":3,"name":"Ersetzendes Scannen"}]},{"@type":"WebSite","@id":"https:\/\/www.ihr-digitaler-steuerberater.de\/#website","url":"https:\/\/www.ihr-digitaler-steuerberater.de\/","name":"Steuerberatung Ehlscheid & Fillers","description":"Ihr digitaler Steuerberater in Neuwied","publisher":{"@id":"https:\/\/www.ihr-digitaler-steuerberater.de\/#organization"},"potentialAction":[{"@type":"SearchAction","target":{"@type":"EntryPoint","urlTemplate":"https:\/\/www.ihr-digitaler-steuerberater.de\/?s={search_term_string}"},"query-input":{"@type":"PropertyValueSpecification","valueRequired":true,"valueName":"search_term_string"}}],"inLanguage":"de"},{"@type":"Organization","@id":"https:\/\/www.ihr-digitaler-steuerberater.de\/#organization","name":"Ehlscheid & Fillers Steuerberatung","url":"https:\/\/www.ihr-digitaler-steuerberater.de\/","logo":{"@type":"ImageObject","inLanguage":"de","@id":"https:\/\/www.ihr-digitaler-steuerberater.de\/#\/schema\/logo\/image\/","url":"https:\/\/www.ihr-digitaler-steuerberater.de\/wp-content\/uploads\/2018\/07\/logo-1.png","contentUrl":"https:\/\/www.ihr-digitaler-steuerberater.de\/wp-content\/uploads\/2018\/07\/logo-1.png","width":245,"height":87,"caption":"Ehlscheid & Fillers Steuerberatung"},"image":{"@id":"https:\/\/www.ihr-digitaler-steuerberater.de\/#\/schema\/logo\/image\/"},"sameAs":["https:\/\/www.facebook.com\/stbehlscheidfillers","https:\/\/www.linkedin.com\/company\/ehlscheid-fillers-steuerberater"]}]}},"_links":{"self":[{"href":"https:\/\/www.ihr-digitaler-steuerberater.de\/index.php\/wp-json\/wp\/v2\/pages\/306","targetHints":{"allow":["GET"]}}],"collection":[{"href":"https:\/\/www.ihr-digitaler-steuerberater.de\/index.php\/wp-json\/wp\/v2\/pages"}],"about":[{"href":"https:\/\/www.ihr-digitaler-steuerberater.de\/index.php\/wp-json\/wp\/v2\/types\/page"}],"author":[{"embeddable":true,"href":"https:\/\/www.ihr-digitaler-steuerberater.de\/index.php\/wp-json\/wp\/v2\/users\/1"}],"replies":[{"embeddable":true,"href":"https:\/\/www.ihr-digitaler-steuerberater.de\/index.php\/wp-json\/wp\/v2\/comments?post=306"}],"version-history":[{"count":5,"href":"https:\/\/www.ihr-digitaler-steuerberater.de\/index.php\/wp-json\/wp\/v2\/pages\/306\/revisions"}],"predecessor-version":[{"id":438,"href":"https:\/\/www.ihr-digitaler-steuerberater.de\/index.php\/wp-json\/wp\/v2\/pages\/306\/revisions\/438"}],"up":[{"embeddable":true,"href":"https:\/\/www.ihr-digitaler-steuerberater.de\/index.php\/wp-json\/wp\/v2\/pages\/113"}],"wp:attachment":[{"href":"https:\/\/www.ihr-digitaler-steuerberater.de\/index.php\/wp-json\/wp\/v2\/media?parent=306"}],"curies":[{"name":"wp","href":"https:\/\/api.w.org\/{rel}","templated":true}]}}