{"id":338,"date":"2018-05-25T10:54:08","date_gmt":"2018-05-25T08:54:08","guid":{"rendered":"https:\/\/www.ihr-digitaler-steuerberater.de\/?page_id=338"},"modified":"2018-06-14T13:57:48","modified_gmt":"2018-06-14T11:57:48","slug":"betriebliche-steuererklaerungen","status":"publish","type":"page","link":"https:\/\/www.ihr-digitaler-steuerberater.de\/index.php\/klassische-steuerberatung\/betriebliche-steuererklaerungen\/","title":{"rendered":"Betriebliche Steuererkl\u00e4rungen"},"content":{"rendered":"<p>Dass Sie Steuern zahlen m\u00fcssen, geh\u00f6rt zu Ihren Pflichten. Wir sorgen daf\u00fcr, dass Sie nicht mehr zahlen, als sie m\u00fcssen.<\/p>\n<p>Zu unseren Leistungen z\u00e4hlt die Erstellung s\u00e4mtlicher betrieblicher Steuererkl\u00e4rungen wie:<strong>\u00a0<\/strong><\/p>\n<ul>\n<li>Umsatzsteuererkl\u00e4rung<\/li>\n<li>Gewerbesteuererkl\u00e4rung<\/li>\n<li>K\u00f6rperschaftsteuererkl\u00e4rung<\/li>\n<li>Einheitliche und gesonderte Feststellungserkl\u00e4rung<\/li>\n<li>Kapitalertragsteueranmeldung<\/li>\n<li>Lohnsteuererm\u00e4\u00dfigungsantr\u00e4ge<\/li>\n<\/ul>\n<p><strong>\u00a0<\/strong>Nat\u00fcrlich k\u00fcmmern wir uns auch um das \u201eDrumherum\u201c wie<\/p>\n<ul>\n<li>Berechnung von Vorauszahlungen<\/li>\n<li>Kompetente Begleitung von steuerlichen Au\u00dfenpr\u00fcfungen und Sonderpr\u00fcfungen<\/li>\n<li>\u00dcberwachung von Fristen<\/li>\n<li>Beantragung von Fristverl\u00e4ngerungen<\/li>\n<li>Pr\u00fcfung von Steuerbescheiden<\/li>\n<\/ul>\n<ul>\n<li style=\"list-style-type: none;\">\n<ul>\n<li>Sowohl im Einspruchsfahren<\/li>\n<li>Als auch im Klageverfahren<\/li>\n<\/ul>\n<\/li>\n<\/ul>\n<ul>\n<li>Erstellung von Antr\u00e4gen<\/li>\n<\/ul>\n<ul>\n<li style=\"list-style-type: none;\">\n<ul>\n<li>Investitionszulage<\/li>\n<li>Herabsetzung von Vorauszahlungen<\/li>\n<\/ul>\n<\/li>\n<\/ul>\n<p>Sprechen Sie uns an!<\/p>\n","protected":false},"excerpt":{"rendered":"<p>Dass Sie Steuern zahlen m\u00fcssen, geh\u00f6rt zu Ihren Pflichten. Wir [&hellip;]<\/p>\n","protected":false},"author":1,"featured_media":0,"parent":115,"menu_order":0,"comment_status":"closed","ping_status":"closed","template":"","meta":{"footnotes":""},"class_list":["post-338","page","type-page","status-publish","hentry"],"yoast_head":"<!-- This site is optimized with the Yoast SEO plugin v27.0 - https:\/\/yoast.com\/product\/yoast-seo-wordpress\/ -->\n<title>Betriebliche Steuererkl\u00e4rungen<\/title>\n<meta name=\"description\" content=\"Ehlscheid und Fillers Steuerberatung - Ihr digitaler Steuerberater in Neuwied: digitale Steuerberatung, Buchhaltung, L\u00f6hne, Jahresabschluss, Steuererkl\u00e4rung\" \/>\n<meta name=\"robots\" content=\"index, follow, max-snippet:-1, max-image-preview:large, max-video-preview:-1\" \/>\n<link rel=\"canonical\" href=\"https:\/\/www.ihr-digitaler-steuerberater.de\/index.php\/klassische-steuerberatung\/betriebliche-steuererklaerungen\/\" \/>\n<meta property=\"og:locale\" content=\"de_DE\" \/>\n<meta property=\"og:type\" content=\"article\" \/>\n<meta property=\"og:title\" content=\"Betriebliche Steuererkl\u00e4rungen\" \/>\n<meta property=\"og:description\" content=\"Ehlscheid und Fillers Steuerberatung - Ihr digitaler Steuerberater in Neuwied: digitale Steuerberatung, Buchhaltung, L\u00f6hne, Jahresabschluss, Steuererkl\u00e4rung\" \/>\n<meta property=\"og:url\" content=\"https:\/\/www.ihr-digitaler-steuerberater.de\/index.php\/klassische-steuerberatung\/betriebliche-steuererklaerungen\/\" \/>\n<meta property=\"og:site_name\" content=\"Steuerberatung Ehlscheid &amp; Fillers\" \/>\n<meta property=\"article:publisher\" content=\"https:\/\/www.facebook.com\/stbehlscheidfillers\" \/>\n<meta property=\"article:modified_time\" content=\"2018-06-14T11:57:48+00:00\" \/>\n<meta name=\"twitter:card\" content=\"summary_large_image\" \/>\n<meta name=\"twitter:label1\" content=\"Gesch\u00e4tzte Lesezeit\" \/>\n\t<meta name=\"twitter:data1\" content=\"1\u00a0Minute\" \/>\n<script type=\"application\/ld+json\" class=\"yoast-schema-graph\">{\"@context\":\"https:\/\/schema.org\",\"@graph\":[{\"@type\":\"WebPage\",\"@id\":\"https:\/\/www.ihr-digitaler-steuerberater.de\/index.php\/klassische-steuerberatung\/betriebliche-steuererklaerungen\/\",\"url\":\"https:\/\/www.ihr-digitaler-steuerberater.de\/index.php\/klassische-steuerberatung\/betriebliche-steuererklaerungen\/\",\"name\":\"Betriebliche Steuererkl\u00e4rungen\",\"isPartOf\":{\"@id\":\"https:\/\/www.ihr-digitaler-steuerberater.de\/#website\"},\"datePublished\":\"2018-05-25T08:54:08+00:00\",\"dateModified\":\"2018-06-14T11:57:48+00:00\",\"description\":\"Ehlscheid und Fillers Steuerberatung - Ihr digitaler Steuerberater in Neuwied: digitale Steuerberatung, Buchhaltung, L\u00f6hne, Jahresabschluss, Steuererkl\u00e4rung\",\"breadcrumb\":{\"@id\":\"https:\/\/www.ihr-digitaler-steuerberater.de\/index.php\/klassische-steuerberatung\/betriebliche-steuererklaerungen\/#breadcrumb\"},\"inLanguage\":\"de\",\"potentialAction\":[{\"@type\":\"ReadAction\",\"target\":[\"https:\/\/www.ihr-digitaler-steuerberater.de\/index.php\/klassische-steuerberatung\/betriebliche-steuererklaerungen\/\"]}]},{\"@type\":\"BreadcrumbList\",\"@id\":\"https:\/\/www.ihr-digitaler-steuerberater.de\/index.php\/klassische-steuerberatung\/betriebliche-steuererklaerungen\/#breadcrumb\",\"itemListElement\":[{\"@type\":\"ListItem\",\"position\":1,\"name\":\"Startseite\",\"item\":\"https:\/\/www.ihr-digitaler-steuerberater.de\/\"},{\"@type\":\"ListItem\",\"position\":2,\"name\":\"Klassische Steuerberatung\",\"item\":\"https:\/\/www.ihr-digitaler-steuerberater.de\/index.php\/klassische-steuerberatung\/\"},{\"@type\":\"ListItem\",\"position\":3,\"name\":\"Betriebliche Steuererkl\u00e4rungen\"}]},{\"@type\":\"WebSite\",\"@id\":\"https:\/\/www.ihr-digitaler-steuerberater.de\/#website\",\"url\":\"https:\/\/www.ihr-digitaler-steuerberater.de\/\",\"name\":\"Steuerberatung Ehlscheid & Fillers\",\"description\":\"Ihr digitaler Steuerberater in Neuwied\",\"publisher\":{\"@id\":\"https:\/\/www.ihr-digitaler-steuerberater.de\/#organization\"},\"potentialAction\":[{\"@type\":\"SearchAction\",\"target\":{\"@type\":\"EntryPoint\",\"urlTemplate\":\"https:\/\/www.ihr-digitaler-steuerberater.de\/?s={search_term_string}\"},\"query-input\":{\"@type\":\"PropertyValueSpecification\",\"valueRequired\":true,\"valueName\":\"search_term_string\"}}],\"inLanguage\":\"de\"},{\"@type\":\"Organization\",\"@id\":\"https:\/\/www.ihr-digitaler-steuerberater.de\/#organization\",\"name\":\"Ehlscheid & Fillers Steuerberatung\",\"url\":\"https:\/\/www.ihr-digitaler-steuerberater.de\/\",\"logo\":{\"@type\":\"ImageObject\",\"inLanguage\":\"de\",\"@id\":\"https:\/\/www.ihr-digitaler-steuerberater.de\/#\/schema\/logo\/image\/\",\"url\":\"https:\/\/www.ihr-digitaler-steuerberater.de\/wp-content\/uploads\/2018\/07\/logo-1.png\",\"contentUrl\":\"https:\/\/www.ihr-digitaler-steuerberater.de\/wp-content\/uploads\/2018\/07\/logo-1.png\",\"width\":245,\"height\":87,\"caption\":\"Ehlscheid & Fillers Steuerberatung\"},\"image\":{\"@id\":\"https:\/\/www.ihr-digitaler-steuerberater.de\/#\/schema\/logo\/image\/\"},\"sameAs\":[\"https:\/\/www.facebook.com\/stbehlscheidfillers\",\"https:\/\/www.linkedin.com\/company\/ehlscheid-fillers-steuerberater\"]}]}<\/script>\n<!-- \/ Yoast SEO plugin. -->","yoast_head_json":{"title":"Betriebliche Steuererkl\u00e4rungen","description":"Ehlscheid und Fillers Steuerberatung - Ihr digitaler Steuerberater in Neuwied: digitale Steuerberatung, Buchhaltung, L\u00f6hne, Jahresabschluss, Steuererkl\u00e4rung","robots":{"index":"index","follow":"follow","max-snippet":"max-snippet:-1","max-image-preview":"max-image-preview:large","max-video-preview":"max-video-preview:-1"},"canonical":"https:\/\/www.ihr-digitaler-steuerberater.de\/index.php\/klassische-steuerberatung\/betriebliche-steuererklaerungen\/","og_locale":"de_DE","og_type":"article","og_title":"Betriebliche Steuererkl\u00e4rungen","og_description":"Ehlscheid und Fillers Steuerberatung - Ihr digitaler Steuerberater in Neuwied: digitale Steuerberatung, Buchhaltung, L\u00f6hne, Jahresabschluss, Steuererkl\u00e4rung","og_url":"https:\/\/www.ihr-digitaler-steuerberater.de\/index.php\/klassische-steuerberatung\/betriebliche-steuererklaerungen\/","og_site_name":"Steuerberatung Ehlscheid & Fillers","article_publisher":"https:\/\/www.facebook.com\/stbehlscheidfillers","article_modified_time":"2018-06-14T11:57:48+00:00","twitter_card":"summary_large_image","twitter_misc":{"Gesch\u00e4tzte Lesezeit":"1\u00a0Minute"},"schema":{"@context":"https:\/\/schema.org","@graph":[{"@type":"WebPage","@id":"https:\/\/www.ihr-digitaler-steuerberater.de\/index.php\/klassische-steuerberatung\/betriebliche-steuererklaerungen\/","url":"https:\/\/www.ihr-digitaler-steuerberater.de\/index.php\/klassische-steuerberatung\/betriebliche-steuererklaerungen\/","name":"Betriebliche Steuererkl\u00e4rungen","isPartOf":{"@id":"https:\/\/www.ihr-digitaler-steuerberater.de\/#website"},"datePublished":"2018-05-25T08:54:08+00:00","dateModified":"2018-06-14T11:57:48+00:00","description":"Ehlscheid und Fillers Steuerberatung - Ihr digitaler Steuerberater in Neuwied: digitale Steuerberatung, Buchhaltung, L\u00f6hne, Jahresabschluss, Steuererkl\u00e4rung","breadcrumb":{"@id":"https:\/\/www.ihr-digitaler-steuerberater.de\/index.php\/klassische-steuerberatung\/betriebliche-steuererklaerungen\/#breadcrumb"},"inLanguage":"de","potentialAction":[{"@type":"ReadAction","target":["https:\/\/www.ihr-digitaler-steuerberater.de\/index.php\/klassische-steuerberatung\/betriebliche-steuererklaerungen\/"]}]},{"@type":"BreadcrumbList","@id":"https:\/\/www.ihr-digitaler-steuerberater.de\/index.php\/klassische-steuerberatung\/betriebliche-steuererklaerungen\/#breadcrumb","itemListElement":[{"@type":"ListItem","position":1,"name":"Startseite","item":"https:\/\/www.ihr-digitaler-steuerberater.de\/"},{"@type":"ListItem","position":2,"name":"Klassische Steuerberatung","item":"https:\/\/www.ihr-digitaler-steuerberater.de\/index.php\/klassische-steuerberatung\/"},{"@type":"ListItem","position":3,"name":"Betriebliche Steuererkl\u00e4rungen"}]},{"@type":"WebSite","@id":"https:\/\/www.ihr-digitaler-steuerberater.de\/#website","url":"https:\/\/www.ihr-digitaler-steuerberater.de\/","name":"Steuerberatung Ehlscheid & Fillers","description":"Ihr digitaler Steuerberater in Neuwied","publisher":{"@id":"https:\/\/www.ihr-digitaler-steuerberater.de\/#organization"},"potentialAction":[{"@type":"SearchAction","target":{"@type":"EntryPoint","urlTemplate":"https:\/\/www.ihr-digitaler-steuerberater.de\/?s={search_term_string}"},"query-input":{"@type":"PropertyValueSpecification","valueRequired":true,"valueName":"search_term_string"}}],"inLanguage":"de"},{"@type":"Organization","@id":"https:\/\/www.ihr-digitaler-steuerberater.de\/#organization","name":"Ehlscheid & Fillers Steuerberatung","url":"https:\/\/www.ihr-digitaler-steuerberater.de\/","logo":{"@type":"ImageObject","inLanguage":"de","@id":"https:\/\/www.ihr-digitaler-steuerberater.de\/#\/schema\/logo\/image\/","url":"https:\/\/www.ihr-digitaler-steuerberater.de\/wp-content\/uploads\/2018\/07\/logo-1.png","contentUrl":"https:\/\/www.ihr-digitaler-steuerberater.de\/wp-content\/uploads\/2018\/07\/logo-1.png","width":245,"height":87,"caption":"Ehlscheid & Fillers Steuerberatung"},"image":{"@id":"https:\/\/www.ihr-digitaler-steuerberater.de\/#\/schema\/logo\/image\/"},"sameAs":["https:\/\/www.facebook.com\/stbehlscheidfillers","https:\/\/www.linkedin.com\/company\/ehlscheid-fillers-steuerberater"]}]}},"_links":{"self":[{"href":"https:\/\/www.ihr-digitaler-steuerberater.de\/index.php\/wp-json\/wp\/v2\/pages\/338","targetHints":{"allow":["GET"]}}],"collection":[{"href":"https:\/\/www.ihr-digitaler-steuerberater.de\/index.php\/wp-json\/wp\/v2\/pages"}],"about":[{"href":"https:\/\/www.ihr-digitaler-steuerberater.de\/index.php\/wp-json\/wp\/v2\/types\/page"}],"author":[{"embeddable":true,"href":"https:\/\/www.ihr-digitaler-steuerberater.de\/index.php\/wp-json\/wp\/v2\/users\/1"}],"replies":[{"embeddable":true,"href":"https:\/\/www.ihr-digitaler-steuerberater.de\/index.php\/wp-json\/wp\/v2\/comments?post=338"}],"version-history":[{"count":2,"href":"https:\/\/www.ihr-digitaler-steuerberater.de\/index.php\/wp-json\/wp\/v2\/pages\/338\/revisions"}],"predecessor-version":[{"id":409,"href":"https:\/\/www.ihr-digitaler-steuerberater.de\/index.php\/wp-json\/wp\/v2\/pages\/338\/revisions\/409"}],"up":[{"embeddable":true,"href":"https:\/\/www.ihr-digitaler-steuerberater.de\/index.php\/wp-json\/wp\/v2\/pages\/115"}],"wp:attachment":[{"href":"https:\/\/www.ihr-digitaler-steuerberater.de\/index.php\/wp-json\/wp\/v2\/media?parent=338"}],"curies":[{"name":"wp","href":"https:\/\/api.w.org\/{rel}","templated":true}]}}