{"id":5,"date":"2018-05-04T23:31:10","date_gmt":"2018-05-04T21:31:10","guid":{"rendered":"https:\/\/www.ihr-digitaler-steuerberater.de\/?page_id=5"},"modified":"2025-08-12T12:18:36","modified_gmt":"2025-08-12T10:18:36","slug":"startseite","status":"publish","type":"page","link":"https:\/\/www.ihr-digitaler-steuerberater.de\/","title":{"rendered":"Startseite"},"content":{"rendered":"<p><div class=\"fusion-fullwidth fullwidth-box fusion-builder-row-1 nonhundred-percent-fullwidth non-hundred-percent-height-scrolling\" style=\"--awb-border-radius-top-left:0px;--awb-border-radius-top-right:0px;--awb-border-radius-bottom-right:0px;--awb-border-radius-bottom-left:0px;--awb-margin-top:10px;\" ><div class=\"fusion-builder-row fusion-row\"><div class=\"fusion-layout-column fusion_builder_column fusion-builder-column-0 fusion_builder_column_1_1 1_1 fusion-one-full fusion-column-first fusion-column-last\" style=\"--awb-bg-size:cover;\"><div class=\"fusion-column-wrapper fusion-flex-column-wrapper-legacy\"><div class=\"fusion-title title fusion-title-1 fusion-title-text fusion-title-size-one\"><h1 class=\"title-heading-left\" style=\"margin:0;\">Willkommen bei Ihrem digitalen Steuerberater<\/h1><span class=\"awb-title-spacer\"><\/span><div class=\"title-sep-container\"><div class=\"title-sep sep-double sep-solid\" style=\"border-color:#e0dede;\"><\/div><\/div><\/div><div class=\"fusion-clearfix\"><\/div><\/div><\/div><\/div><\/div><div class=\"fusion-fullwidth fullwidth-box fusion-builder-row-2 nonhundred-percent-fullwidth non-hundred-percent-height-scrolling\" style=\"--awb-background-position:left top;--awb-background-blend-mode:overlay;--awb-border-sizes-top:1px;--awb-border-sizes-bottom:1px;--awb-border-sizes-left:0px;--awb-border-sizes-right:0px;--awb-border-color:#e2e2e2;--awb-border-radius-top-left:0px;--awb-border-radius-top-right:0px;--awb-border-radius-bottom-right:0px;--awb-border-radius-bottom-left:0px;--awb-padding-top:20px;--awb-background-color:rgba(255,255,255,0.5);\" ><div class=\"fusion-builder-row fusion-row\"><div class=\"fusion-layout-column fusion_builder_column fusion-builder-column-1 fusion_builder_column_1_1 1_1 fusion-one-full fusion-column-first fusion-column-last fusion-column-no-min-height\" style=\"--awb-bg-size:cover;--awb-margin-top:0px;--awb-margin-bottom:0px;\"><div class=\"fusion-column-wrapper fusion-flex-column-wrapper-legacy\"><div class=\"fusion-text fusion-text-1\"><h2 style=\"text-align: left;\">Bei uns l\u00e4uft alles ein bisschen anders: J\u00fcnger, dynamischer, individueller! \u2013 Genau auf Ihre Bed\u00fcrfnisse ausgerichtet!<\/h2>\n<h2 style=\"text-align: left;\">Durch jahrelange Erfahrung in kleinen und gro\u00dfen Steuerberatungsgesellschaften haben wir gelernt und verstanden, worauf es unseren Mandanten ankommt \u2013 und auch was wir anders und besser machen wollen als andere.<\/h2>\n<h2 style=\"text-align: left;\">Daraus hat sich unsere Unternehmensphilosophie entwickelt, die in 3 wesentliche Kernaspekte zusammengefasst werden kann:<\/h2>\n<\/div><div class=\"fusion-content-boxes content-boxes columns row fusion-columns-3 fusion-columns-total-3 fusion-content-boxes-1 content-boxes-timeline-horizontal content-left content-boxes-icon-on-top content-boxes-timeline-layout fusion-delayed-animation\" style=\"--awb-margin-top:5px;--awb-hover-accent-color:#1a80b6;--awb-circle-hover-accent-color:#1a80b6;\" data-animation-delay=\"350\" data-animationOffset=\"top-into-view\"><div style=\"--awb-backgroundcolor:transparent;\" class=\"fusion-column content-box-column content-box-column content-box-column-1 col-lg-4 col-md-4 col-sm-4 fusion-content-box-hover content-box-column-first-in-row\"><div class=\"col content-box-wrapper content-wrapper link-area-link-icon link-type-text icon-hover-animation-fade fusion-animated\" data-animationType=\"fadeIn\" data-animationDuration=\"0.25\" data-animationOffset=\"top-into-view\"><div class=\"heading heading-with-icon icon-left\"><a class=\"heading-link\" href=\"#\" target=\"_self\"><div class=\"icon\" style=\"-webkit-animation-duration: 350ms;animation-duration: 350ms;\"><i style=\"border-color:#333333;border-width:1px;background-color:#333333;box-sizing:content-box;height:42px;width:42px;line-height:42px;border-radius:50%;font-size:21px;\" aria-hidden=\"true\" class=\"fontawesome-icon fa-user fas circle-yes\"><\/i><\/div><h2 class=\"content-box-heading\" style=\"--h2_typography-font-size:18px;line-height:23px;\"><b>Bei uns stehen Sie im Mittelpunkt<\/b><\/h2><\/a><\/div><div class=\"fusion-clearfix\"><\/div><div class=\"content-container\">\n<h3 style=\"text-align: left;\">Unsere Beratung ist auf Sie pers\u00f6nlich ma\u00dfgeschneidert und wir gehen auf all Ihre W\u00fcnsche und Bed\u00fcrfnisse individuell ein. Dabei sind wir nicht einfach nur stumpfer Bearbeiter Ihrer Belege, sondern schauen stets \u00fcber den Tellerrand und geben Ihnen individuelle Beratungsimpulse, die Ihnen einen echten Mehrwert bringen. Nat\u00fcrlich unb\u00fcrokratisch und gerne auch mal in einem spontanen Telefonat. Wir bieten Ihnen den \u201eFull-Service\u201c aus einer Hand.<\/h3>\n<\/div><div class=\"content-box-shortcode-timeline\" style=\"border-color:rgba(255,255,255,0);top:21px;-webkit-transition-duration: 350ms;animation-duration: 350ms;\"><\/div><\/div><\/div><div style=\"--awb-backgroundcolor:transparent;\" class=\"fusion-column content-box-column content-box-column content-box-column-2 col-lg-4 col-md-4 col-sm-4 fusion-content-box-hover \"><div class=\"col content-box-wrapper content-wrapper link-area-link-icon link-type-text icon-hover-animation-fade fusion-animated\" data-animationType=\"fadeIn\" data-animationDuration=\"0.25\" data-animationOffset=\"top-into-view\"><div class=\"heading heading-with-icon icon-left\"><a class=\"heading-link\" href=\"#\" target=\"_self\"><div class=\"icon\" style=\"-webkit-animation-duration: 350ms;animation-duration: 350ms;\"><i style=\"border-color:#333333;border-width:1px;background-color:#333333;box-sizing:content-box;height:42px;width:42px;line-height:42px;border-radius:50%;font-size:21px;\" aria-hidden=\"true\" class=\"fontawesome-icon fa-tablet-alt fas circle-yes\"><\/i><\/div><h2 class=\"content-box-heading\" style=\"--h2_typography-font-size:18px;line-height:23px;\"><b>Wir verbinden die klassische Steuerberatung mit den Vorteilen der Digitalisierung<\/b><\/h2><\/a><\/div><div class=\"fusion-clearfix\"><\/div><div class=\"content-container\">\n<h3 style=\"text-align: left;\">Ziel ist es, die zeitgerechten Technologien gemeinsam zu nutzen und so auf beiden Seiten zum effizienteren Arbeiten beizutragen<strong><em>. <\/em><\/strong>Dabei werden die digitalen Prozesse von uns so in Ihren \u00fcblichen Arbeitsablauf eingebunden, damit f\u00fcr Sie und Ihre Mitarbeiter keine komplizierten Umstellungen n\u00f6tig sind. Das Ganze nat\u00fcrlich bei h\u00f6chstm\u00f6glicher Datensicherheit \u201eMade in Germany\u201c. <strong><em>\u00a0<\/em><\/strong><\/h3>\n<\/div><div class=\"content-box-shortcode-timeline\" style=\"border-color:rgba(255,255,255,0);top:21px;-webkit-transition-duration: 350ms;animation-duration: 350ms;\"><\/div><\/div><\/div><div style=\"--awb-backgroundcolor:transparent;\" class=\"fusion-column content-box-column content-box-column content-box-column-3 col-lg-4 col-md-4 col-sm-4 fusion-content-box-hover content-box-column-last content-box-column-last-in-row\"><div class=\"col content-box-wrapper content-wrapper link-area-link-icon link-type-text icon-hover-animation-fade fusion-animated\" data-animationType=\"fadeIn\" data-animationDuration=\"0.25\" data-animationOffset=\"top-into-view\"><div class=\"heading heading-with-icon icon-left\"><a class=\"heading-link\" href=\"#\" target=\"_self\"><div class=\"icon\" style=\"-webkit-animation-duration: 350ms;animation-duration: 350ms;\"><i style=\"border-color:#333333;border-width:1px;background-color:#333333;box-sizing:content-box;height:42px;width:42px;line-height:42px;border-radius:50%;font-size:21px;\" aria-hidden=\"true\" class=\"fontawesome-icon fa-euro-sign fas circle-yes\"><\/i><\/div><h2 class=\"content-box-heading\" style=\"--h2_typography-font-size:18px;line-height:23px;\"><b>Bei uns gibt es nur transparente Preise<\/b><\/h2><\/a><\/div><div class=\"fusion-clearfix\"><\/div><div class=\"content-container\">\n<h3 style=\"text-align: left;\">Wir sprechen bereits im Rahmen unseres Kennenlerngespr\u00e4chs \u00fcber unsere Verg\u00fctung und verhandeln auf Wunsch monatliche Pauschalen, sodass die gro\u00dfe Rechnung beim Jahresabschluss ausbleibt. So behalten Sie immer den \u00dcberblick und haben Planungssicherheit bei Ihrer Liquidit\u00e4t.<\/h3>\n<\/div><div class=\"content-box-shortcode-timeline\" style=\"border-color:rgba(255,255,255,0);top:21px;-webkit-transition-duration: 350ms;animation-duration: 350ms;\"><\/div><\/div><\/div><div class=\"fusion-clearfix\"><\/div><\/div><div class=\"fusion-text fusion-text-2\"><h3 style=\"text-align: center;\">Diese Philosophie, verbunden mit unserem fachlichen Know-how auf dem immer neuesten Stand, bildet die Grundlage f\u00fcr unser umfassendes Portfolio.<\/h3>\n<h3><\/h3>\n<\/div><div class=\"fusion-clearfix\"><\/div><\/div><\/div><\/div><\/div><div class=\"fusion-fullwidth fullwidth-box fusion-builder-row-3 nonhundred-percent-fullwidth non-hundred-percent-height-scrolling\" style=\"--awb-border-sizes-top:0px;--awb-border-sizes-bottom:0px;--awb-border-sizes-left:0px;--awb-border-sizes-right:0px;--awb-border-color:#000000;--awb-border-radius-top-left:0px;--awb-border-radius-top-right:0px;--awb-border-radius-bottom-right:0px;--awb-border-radius-bottom-left:0px;--awb-padding-top:5px;\" ><div class=\"fusion-builder-row fusion-row\"><div class=\"fusion-layout-column fusion_builder_column fusion-builder-column-2 fusion_builder_column_1_1 1_1 fusion-one-full fusion-column-first fusion-column-last\" style=\"--awb-bg-size:cover;\"><div class=\"fusion-column-wrapper fusion-flex-column-wrapper-legacy\"><div class=\"fusion-clearfix\"><\/div><\/div><\/div><div class=\"fusion-layout-column fusion_builder_column fusion-builder-column-3 fusion_builder_column_1_5 1_5 fusion-one-fifth fusion-column-first\" style=\"--awb-bg-size:cover;width:20%;width:calc(20% - ( ( 4% + 4% ) * 0.2 ) );margin-right: 4%;\"><div class=\"fusion-column-wrapper fusion-flex-column-wrapper-legacy\"><div class=\"fusion-clearfix\"><\/div><\/div><\/div><div class=\"fusion-layout-column fusion_builder_column fusion-builder-column-4 fusion_builder_column_3_5 3_5 fusion-three-fifth\" style=\"--awb-bg-size:cover;width:60%;width:calc(60% - ( ( 4% + 4% ) * 0.6 ) );margin-right: 4%;\"><div class=\"fusion-column-wrapper fusion-flex-column-wrapper-legacy\"><div class=\"fusion-content-boxes content-boxes columns row fusion-columns-1 fusion-columns-total-1 fusion-content-boxes-2 content-boxes-timeline-horizontal content-left content-boxes-icon-on-top content-boxes-timeline-layout fusion-delayed-animation\" style=\"--awb-hover-accent-color:#1a80b6;--awb-circle-hover-accent-color:#1a80b6;--awb-item-margin-bottom:40px;\" data-animation-delay=\"350\" data-animationOffset=\"top-into-view\"><div style=\"--awb-backgroundcolor:#e5e5e5;\" class=\"fusion-column content-box-column content-box-column content-box-column-1 col-lg-12 col-md-12 col-sm-12 fusion-content-box-hover content-box-column-last content-box-column-last-in-row\"><div class=\"col content-box-wrapper content-wrapper-background link-area-link-icon icon-hover-animation-fade fusion-animated\" data-animationType=\"fadeIn\" data-animationDuration=\"0.25\" data-animationOffset=\"top-into-view\"><div class=\"heading heading-with-icon icon-left\"><div class=\"icon\" style=\"-webkit-animation-duration: 350ms;animation-duration: 350ms;\"><i style=\"border-color:#333333;border-width:1px;background-color:#333333;box-sizing:content-box;height:42px;width:42px;line-height:42px;border-radius:50%;font-size:21px;\" aria-hidden=\"true\" class=\"fontawesome-icon fa-phone fas circle-yes\"><\/i><\/div><h2 class=\"content-box-heading\" style=\"--h2_typography-font-size:18px;line-height:23px;\">Da bin ich gerne dabei<\/h2><\/div><div class=\"fusion-clearfix\"><\/div><div class=\"content-container\">\n<p style=\"text-align: center;\"><em>Jetzt einen\u00a0<\/em><a href=\"https:\/\/www.ihr-digitaler-steuerberater.de\/index.php\/kontakt\/\"><strong><em>kostenlosen Kennenlerntermin<\/em><\/strong><\/a><em>\u00a0vereinbaren.<\/em><\/p>\n<p style=\"text-align: center;\"><em>Wir freuen uns auf Sie!<\/em><\/p>\n<p style=\"text-align: center;\"><strong><em>Telefon: 02631 \/ 99989-0<\/em><\/strong><\/p>\n<\/div><\/div><\/div><div class=\"fusion-clearfix\"><\/div><\/div><div class=\"fusion-clearfix\"><\/div><\/div><\/div><div class=\"fusion-layout-column fusion_builder_column fusion-builder-column-5 fusion_builder_column_1_5 1_5 fusion-one-fifth fusion-column-last\" style=\"--awb-bg-size:cover;width:20%;width:calc(20% - ( ( 4% + 4% ) * 0.2 ) );\"><div class=\"fusion-column-wrapper fusion-flex-column-wrapper-legacy\"><div class=\"fusion-clearfix\"><\/div><\/div><\/div><\/div><\/div><div class=\"fusion-fullwidth fullwidth-box fusion-builder-row-4 nonhundred-percent-fullwidth non-hundred-percent-height-scrolling\" style=\"--awb-border-radius-top-left:0px;--awb-border-radius-top-right:0px;--awb-border-radius-bottom-right:0px;--awb-border-radius-bottom-left:0px;\" ><div class=\"fusion-builder-row fusion-row\"><div class=\"fusion-layout-column fusion_builder_column fusion-builder-column-6 fusion_builder_column_1_1 1_1 fusion-one-full fusion-column-first fusion-column-last\" style=\"--awb-bg-size:cover;\"><div class=\"fusion-column-wrapper fusion-flex-column-wrapper-legacy\"><div class=\"fusion-text fusion-text-3\"><p><span style=\"color: #ffffff;\">Digitale Steuerberatung, Steuerberater Neuwied, Steuerberatung Neuwied, Steuerberatungsgesellschaft, Einkommensteuererkl\u00e4rung, Lohnsteuererkl\u00e4rung, Umsatzsteuererkl\u00e4rung, K\u00f6rperschaftsteuererkl\u00e4rung, Jahresabschluss, Einnahmen-\u00dcberschuss-Rechnung, Buchhaltung, L\u00f6hne, Gehaltsabrechnungen, Papierloses B\u00fcro, Ersetzendes Scannen, Beleglos, Steuerberatung f\u00fcr GmbHs, Erbschaftsteuererkl\u00e4rung, Schenkungssteuererkl\u00e4rung, Nachlass, Heiko Ehlscheid, Patrik Fillers, Patrick Fillers,<\/span><\/p>\n<\/div><div class=\"fusion-clearfix\"><\/div><\/div><\/div><\/div><\/div><\/p>\n","protected":false},"excerpt":{"rendered":"","protected":false},"author":1,"featured_media":0,"parent":0,"menu_order":0,"comment_status":"closed","ping_status":"closed","template":"100-width.php","meta":{"footnotes":""},"class_list":["post-5","page","type-page","status-publish","hentry"],"yoast_head":"<!-- This site is optimized with the Yoast SEO plugin v27.0 - https:\/\/yoast.com\/product\/yoast-seo-wordpress\/ -->\n<title>Steuerberatung Ehlscheid &amp; Fillers - Ihr digitaler Steuerberater in Neuwied<\/title>\n<meta name=\"description\" content=\"Ehlscheid und Fillers Steuerberatung - Ihr digitaler Steuerberater in Neuwied: digitale Steuerberatung, Buchhaltung, L\u00f6hne, Jahresabschluss, Steuererkl\u00e4rung\" \/>\n<meta name=\"robots\" content=\"index, follow, max-snippet:-1, max-image-preview:large, max-video-preview:-1\" \/>\n<link rel=\"canonical\" href=\"https:\/\/www.ihr-digitaler-steuerberater.de\/\" \/>\n<meta property=\"og:locale\" content=\"de_DE\" \/>\n<meta property=\"og:type\" content=\"article\" \/>\n<meta property=\"og:title\" content=\"Steuerberatung Ehlscheid &amp; Fillers - Ihr digitaler Steuerberater in Neuwied\" \/>\n<meta property=\"og:description\" content=\"Ehlscheid und Fillers Steuerberatung - Ihr digitaler Steuerberater in Neuwied: digitale Steuerberatung, Buchhaltung, L\u00f6hne, Jahresabschluss, Steuererkl\u00e4rung\" \/>\n<meta property=\"og:url\" content=\"https:\/\/www.ihr-digitaler-steuerberater.de\/\" \/>\n<meta property=\"og:site_name\" content=\"Steuerberatung Ehlscheid &amp; Fillers\" \/>\n<meta property=\"article:publisher\" content=\"https:\/\/www.facebook.com\/stbehlscheidfillers\" \/>\n<meta property=\"article:modified_time\" content=\"2025-08-12T10:18:36+00:00\" \/>\n<meta name=\"twitter:card\" content=\"summary_large_image\" \/>\n<meta name=\"twitter:label1\" content=\"Gesch\u00e4tzte Lesezeit\" \/>\n\t<meta name=\"twitter:data1\" content=\"5\u00a0Minuten\" \/>\n<script type=\"application\/ld+json\" class=\"yoast-schema-graph\">{\"@context\":\"https:\/\/schema.org\",\"@graph\":[{\"@type\":\"WebPage\",\"@id\":\"https:\/\/www.ihr-digitaler-steuerberater.de\/\",\"url\":\"https:\/\/www.ihr-digitaler-steuerberater.de\/\",\"name\":\"Steuerberatung Ehlscheid & Fillers - Ihr digitaler Steuerberater in Neuwied\",\"isPartOf\":{\"@id\":\"https:\/\/www.ihr-digitaler-steuerberater.de\/#website\"},\"datePublished\":\"2018-05-04T21:31:10+00:00\",\"dateModified\":\"2025-08-12T10:18:36+00:00\",\"description\":\"Ehlscheid und Fillers Steuerberatung - Ihr digitaler Steuerberater in Neuwied: digitale Steuerberatung, Buchhaltung, L\u00f6hne, Jahresabschluss, Steuererkl\u00e4rung\",\"breadcrumb\":{\"@id\":\"https:\/\/www.ihr-digitaler-steuerberater.de\/#breadcrumb\"},\"inLanguage\":\"de\",\"potentialAction\":[{\"@type\":\"ReadAction\",\"target\":[\"https:\/\/www.ihr-digitaler-steuerberater.de\/\"]}]},{\"@type\":\"BreadcrumbList\",\"@id\":\"https:\/\/www.ihr-digitaler-steuerberater.de\/#breadcrumb\",\"itemListElement\":[{\"@type\":\"ListItem\",\"position\":1,\"name\":\"Startseite\",\"item\":\"https:\/\/www.ihr-digitaler-steuerberater.de\/\"},{\"@type\":\"ListItem\",\"position\":2,\"name\":\"Startseite\"}]},{\"@type\":\"WebSite\",\"@id\":\"https:\/\/www.ihr-digitaler-steuerberater.de\/#website\",\"url\":\"https:\/\/www.ihr-digitaler-steuerberater.de\/\",\"name\":\"Steuerberatung Ehlscheid & Fillers\",\"description\":\"Ihr digitaler Steuerberater in Neuwied\",\"publisher\":{\"@id\":\"https:\/\/www.ihr-digitaler-steuerberater.de\/#organization\"},\"potentialAction\":[{\"@type\":\"SearchAction\",\"target\":{\"@type\":\"EntryPoint\",\"urlTemplate\":\"https:\/\/www.ihr-digitaler-steuerberater.de\/?s={search_term_string}\"},\"query-input\":{\"@type\":\"PropertyValueSpecification\",\"valueRequired\":true,\"valueName\":\"search_term_string\"}}],\"inLanguage\":\"de\"},{\"@type\":\"Organization\",\"@id\":\"https:\/\/www.ihr-digitaler-steuerberater.de\/#organization\",\"name\":\"Ehlscheid & Fillers Steuerberatung\",\"url\":\"https:\/\/www.ihr-digitaler-steuerberater.de\/\",\"logo\":{\"@type\":\"ImageObject\",\"inLanguage\":\"de\",\"@id\":\"https:\/\/www.ihr-digitaler-steuerberater.de\/#\/schema\/logo\/image\/\",\"url\":\"https:\/\/www.ihr-digitaler-steuerberater.de\/wp-content\/uploads\/2018\/07\/logo-1.png\",\"contentUrl\":\"https:\/\/www.ihr-digitaler-steuerberater.de\/wp-content\/uploads\/2018\/07\/logo-1.png\",\"width\":245,\"height\":87,\"caption\":\"Ehlscheid & Fillers Steuerberatung\"},\"image\":{\"@id\":\"https:\/\/www.ihr-digitaler-steuerberater.de\/#\/schema\/logo\/image\/\"},\"sameAs\":[\"https:\/\/www.facebook.com\/stbehlscheidfillers\",\"https:\/\/www.linkedin.com\/company\/ehlscheid-fillers-steuerberater\"]}]}<\/script>\n<!-- \/ Yoast SEO plugin. -->","yoast_head_json":{"title":"Steuerberatung Ehlscheid & Fillers - Ihr digitaler Steuerberater in Neuwied","description":"Ehlscheid und Fillers Steuerberatung - Ihr digitaler Steuerberater in Neuwied: digitale Steuerberatung, Buchhaltung, L\u00f6hne, Jahresabschluss, Steuererkl\u00e4rung","robots":{"index":"index","follow":"follow","max-snippet":"max-snippet:-1","max-image-preview":"max-image-preview:large","max-video-preview":"max-video-preview:-1"},"canonical":"https:\/\/www.ihr-digitaler-steuerberater.de\/","og_locale":"de_DE","og_type":"article","og_title":"Steuerberatung Ehlscheid & Fillers - Ihr digitaler Steuerberater in Neuwied","og_description":"Ehlscheid und Fillers Steuerberatung - Ihr digitaler Steuerberater in Neuwied: digitale Steuerberatung, Buchhaltung, L\u00f6hne, Jahresabschluss, Steuererkl\u00e4rung","og_url":"https:\/\/www.ihr-digitaler-steuerberater.de\/","og_site_name":"Steuerberatung Ehlscheid & Fillers","article_publisher":"https:\/\/www.facebook.com\/stbehlscheidfillers","article_modified_time":"2025-08-12T10:18:36+00:00","twitter_card":"summary_large_image","twitter_misc":{"Gesch\u00e4tzte Lesezeit":"5\u00a0Minuten"},"schema":{"@context":"https:\/\/schema.org","@graph":[{"@type":"WebPage","@id":"https:\/\/www.ihr-digitaler-steuerberater.de\/","url":"https:\/\/www.ihr-digitaler-steuerberater.de\/","name":"Steuerberatung Ehlscheid & Fillers - Ihr digitaler Steuerberater in Neuwied","isPartOf":{"@id":"https:\/\/www.ihr-digitaler-steuerberater.de\/#website"},"datePublished":"2018-05-04T21:31:10+00:00","dateModified":"2025-08-12T10:18:36+00:00","description":"Ehlscheid und Fillers Steuerberatung - Ihr digitaler Steuerberater in Neuwied: digitale Steuerberatung, Buchhaltung, L\u00f6hne, Jahresabschluss, Steuererkl\u00e4rung","breadcrumb":{"@id":"https:\/\/www.ihr-digitaler-steuerberater.de\/#breadcrumb"},"inLanguage":"de","potentialAction":[{"@type":"ReadAction","target":["https:\/\/www.ihr-digitaler-steuerberater.de\/"]}]},{"@type":"BreadcrumbList","@id":"https:\/\/www.ihr-digitaler-steuerberater.de\/#breadcrumb","itemListElement":[{"@type":"ListItem","position":1,"name":"Startseite","item":"https:\/\/www.ihr-digitaler-steuerberater.de\/"},{"@type":"ListItem","position":2,"name":"Startseite"}]},{"@type":"WebSite","@id":"https:\/\/www.ihr-digitaler-steuerberater.de\/#website","url":"https:\/\/www.ihr-digitaler-steuerberater.de\/","name":"Steuerberatung Ehlscheid & Fillers","description":"Ihr digitaler Steuerberater in Neuwied","publisher":{"@id":"https:\/\/www.ihr-digitaler-steuerberater.de\/#organization"},"potentialAction":[{"@type":"SearchAction","target":{"@type":"EntryPoint","urlTemplate":"https:\/\/www.ihr-digitaler-steuerberater.de\/?s={search_term_string}"},"query-input":{"@type":"PropertyValueSpecification","valueRequired":true,"valueName":"search_term_string"}}],"inLanguage":"de"},{"@type":"Organization","@id":"https:\/\/www.ihr-digitaler-steuerberater.de\/#organization","name":"Ehlscheid & Fillers Steuerberatung","url":"https:\/\/www.ihr-digitaler-steuerberater.de\/","logo":{"@type":"ImageObject","inLanguage":"de","@id":"https:\/\/www.ihr-digitaler-steuerberater.de\/#\/schema\/logo\/image\/","url":"https:\/\/www.ihr-digitaler-steuerberater.de\/wp-content\/uploads\/2018\/07\/logo-1.png","contentUrl":"https:\/\/www.ihr-digitaler-steuerberater.de\/wp-content\/uploads\/2018\/07\/logo-1.png","width":245,"height":87,"caption":"Ehlscheid & Fillers Steuerberatung"},"image":{"@id":"https:\/\/www.ihr-digitaler-steuerberater.de\/#\/schema\/logo\/image\/"},"sameAs":["https:\/\/www.facebook.com\/stbehlscheidfillers","https:\/\/www.linkedin.com\/company\/ehlscheid-fillers-steuerberater"]}]}},"_links":{"self":[{"href":"https:\/\/www.ihr-digitaler-steuerberater.de\/index.php\/wp-json\/wp\/v2\/pages\/5","targetHints":{"allow":["GET"]}}],"collection":[{"href":"https:\/\/www.ihr-digitaler-steuerberater.de\/index.php\/wp-json\/wp\/v2\/pages"}],"about":[{"href":"https:\/\/www.ihr-digitaler-steuerberater.de\/index.php\/wp-json\/wp\/v2\/types\/page"}],"author":[{"embeddable":true,"href":"https:\/\/www.ihr-digitaler-steuerberater.de\/index.php\/wp-json\/wp\/v2\/users\/1"}],"replies":[{"embeddable":true,"href":"https:\/\/www.ihr-digitaler-steuerberater.de\/index.php\/wp-json\/wp\/v2\/comments?post=5"}],"version-history":[{"count":140,"href":"https:\/\/www.ihr-digitaler-steuerberater.de\/index.php\/wp-json\/wp\/v2\/pages\/5\/revisions"}],"predecessor-version":[{"id":716,"href":"https:\/\/www.ihr-digitaler-steuerberater.de\/index.php\/wp-json\/wp\/v2\/pages\/5\/revisions\/716"}],"wp:attachment":[{"href":"https:\/\/www.ihr-digitaler-steuerberater.de\/index.php\/wp-json\/wp\/v2\/media?parent=5"}],"curies":[{"name":"wp","href":"https:\/\/api.w.org\/{rel}","templated":true}]}}