{"id":546,"date":"2018-11-15T13:49:22","date_gmt":"2018-11-15T12:49:22","guid":{"rendered":"https:\/\/www.ihr-digitaler-steuerberater.de\/?page_id=546"},"modified":"2018-11-15T13:49:22","modified_gmt":"2018-11-15T12:49:22","slug":"datenschutz-dsgvo-facebook","status":"publish","type":"page","link":"https:\/\/www.ihr-digitaler-steuerberater.de\/index.php\/datenschutz-dsgvo-facebook\/","title":{"rendered":"Datenschutz (DSGVO Facebook)"},"content":{"rendered":"<p>Datenschutzerkl\u00e4rung f\u00fcr unsere Facebook-Seite<\/p>\n<p>\u00dcber Ihren Besuch auf unserer Facebook-Seite freuen wir uns sehr. Datenschutz genie\u00dft in<br \/>\nbei uns h\u00f6chste Priorit\u00e4t. Im Folgenden m\u00f6chten wir Sie daher mit den entsprechenden<br \/>\nDetails vertraut machen.<br \/>\nWir greifen f\u00fcr den hier angebotenen Informationsdienst auf die technische Plattform und<br \/>\ndie Dienste der Facebook Ireland Ltd., 4 Grand Canal Square Grand Canal Harbour, Dublin 2,<br \/>\nIreland zur\u00fcck.<br \/>\nWir weisen Sie darauf hin, dass Sie diese Facebook-Seite und ihre Funktionen in eigener<br \/>\nVerantwortung nutzen. Dies gilt insbesondere f\u00fcr die Nutzung der interaktiven Funktionen<br \/>\n(z.B. Kommentieren, Teilen, Bewerten). Alternativ k\u00f6nnen Sie die \u00fcber diese Seite<br \/>\nangebotenen Informationen auch auf unserem Internet-Angebot abrufen, einen Link zu<br \/>\nunserem Internetauftritt finden Sie \u00fcber die Schaltfl\u00e4che \u201eInfo\u201c auf unserem FacebookAuftritt.<\/p>\n<p>Beim Besuch unserer Facebook-Seite erfasst Facebook u.a Ihre IP-Adresse sowie weitere<br \/>\nInformationen, die in Form von Cookies auf Ihrem PC vorhanden sind. Diese Informationen<br \/>\nwerden verwendet, um uns als Betreiber der Facebook-Seiten statistische Informationen<br \/>\n\u00fcber die Inanspruchnahme der Facebook-Seite zur Verf\u00fcgung zu stellen. N\u00e4here<br \/>\nInformationen hierzu stellt Facebook unter folgendem Link zur Verf\u00fcgung:<br \/>\nhttp:\/\/de-de.facebook.com\/help\/pages\/insights.<br \/>\nDie in diesem Zusammenhang \u00fcber Sie erhobenen Daten werden von der Facebook Ltd.<br \/>\nverarbeitet und dabei gegebenenfalls in L\u00e4nder au\u00dferhalb der Europ\u00e4ischen Union<br \/>\n\u00fcbertragen. Welche Informationen Facebook erh\u00e4lt und wie diese verwendet werden,<br \/>\nbeschreibt Facebook in allgemeiner Form in seinen Datenverwendungsrichtlinien. Dort finden<br \/>\nSie auch Informationen \u00fcber Kontaktm\u00f6glichkeiten zu Facebook sowie zu den<br \/>\nEinstellm\u00f6glichkeiten f\u00fcr Werbeanzeigen. Die Datenverwendungsrichtlinien sind unter<br \/>\nfolgendem Link verf\u00fcgbar:<br \/>\nhttp:\/\/de-de.facebook.com\/about\/privacy<br \/>\nDie vollst\u00e4ndigen Datenrichtlinien von Facebook finden Sie hier:<br \/>\nhttps:\/\/de-de.facebook.com\/full_data_use_policy<br \/>\nIn welcher Weise Facebook die Daten aus dem Besuch von Facebook-Seiten f\u00fcr eigene<br \/>\nZwecke verwendet, in welchem Umfang Aktivit\u00e4ten auf der Facebook-Seite einzelnen<br \/>\nNutzern zugeordnet werden, wie lange Facebook diese Daten speichert und ob Daten aus<br \/>\neinem Besuch der Facebook-Seite an Dritte weitergegeben werden, wird von Facebook nicht<br \/>\nabschlie\u00dfend und klar benannt und ist uns nicht bekannt.<br \/>\nBeim Zugriff auf eine Facebook-Seite wird die Ihrem Endger\u00e4t zugeteilte IP-Adresse an<br \/>\nFacebook \u00fcbermittelt. Facebook speichert dar\u00fcber hinaus Informationen \u00fcber die Endger\u00e4te<br \/>\nseiner Nutzer (z.B. im Rahmen der Funktion \u201eAnmeldebenachrichtigung\u201c); gegebenenfalls ist<br \/>\nFacebook damit eine Zuordnung von IP-Adressen zu einzelnen Nutzern m\u00f6glich.<br \/>\nWenn Sie als Nutzerin oder Nutzer aktuell bei Facebook angemeldet sind, befindet sich auf<br \/>\nIhrem Endger\u00e4t ein Cookie mit Ihrer Facebook-Kennung. Dadurch ist Facebook in der Lage<br \/>\nnachzuvollziehen, dass Sie diese Seite aufgesucht und wie Sie sie genutzt haben. Dies gilt<br \/>\nauch f\u00fcr alle anderen Facebook-Seiten. \u00dcber in Webseiten eingebundene Facebook-Buttons<br \/>\nist es Facebook m\u00f6glich, Ihre Besuche auf diesen Webseiten Seiten zu erfassen und Ihrem<br \/>\nFacebook-Profil zuzuordnen. Anhand dieser Daten k\u00f6nnen Inhalte oder Werbung auf Sie<br \/>\nzugeschnitten angeboten werden.<br \/>\nWenn Sie dies vermeiden m\u00f6chten, sollten Sie sich bei Facebook abmelden bzw. die Funktion<br \/>\n&#8222;angemeldet bleiben&#8220; deaktivieren, die auf Ihrem Ger\u00e4t vorhandenen Cookies l\u00f6schen und<br \/>\nIhren Browser beenden und neu starten. Auf diese Weise werden Facebook-Informationen,<br \/>\n\u00fcber die Sie unmittelbar identifiziert werden k\u00f6nnen, gel\u00f6scht. Damit k\u00f6nnen Sie unsere<br \/>\nFacebook-Seite nutzen, ohne dass Ihre Facebook-Kennung offenbart wird. Wenn Sie auf<br \/>\ninteraktive Funktionen der Seite zugreifen (Gef\u00e4llt mir, Kommentieren, Teilen, Nachrichten<br \/>\netc.), erscheint eine Facebook-Anmeldemaske. Nach einer etwaigen Anmeldung sind Sie f\u00fcr<br \/>\nFacebook erneut als bestimmte\/r Nutzerin\/Nutzer erkennbar.<br \/>\nInformationen dazu, wie Sie \u00fcber Sie vorhandene Informationen verwalten oder l\u00f6schen<br \/>\nk\u00f6nnen, finden Sie auf folgenden Facebook Support-Seiten:<br \/>\nhttps:\/\/de-de.facebook.com\/about\/privacy#<br \/>\nWir als Anbieter des Informationsdienstes erheben und verarbeiten dar\u00fcber hinaus keine<br \/>\nDaten aus Ihrer Nutzung unseres Dienstes.<br \/>\nDiese Datenschutzerkl\u00e4rung finden Sie in der jeweils geltenden Fassung unter dem Punkt<br \/>\n\u201eDatenschutz\u201c auf unserer Facebook-Seite.<br \/>\nDie Verarbeitung personenbezogener Daten auf dieser Facebook-Seite stellt ein berechtigtes<br \/>\nInteresse unseres Unternehmens oder eines Dritten erforderlich und \u00fcberwiegen die<br \/>\nInteressen, Grundrechte und Grundfreiheiten des Betroffenen das erstgenannte Interesse<br \/>\nnicht, so dient Art. 6 Abs.1 lit. f DSGVO als Rechtsgrundlage f\u00fcr die Verarbeitung.<br \/>\nDie folgenden Rechte stehen Ihnen allgemein gem\u00e4\u00df geltendem Datenschutzrecht zu:<br \/>\n\u2022 Recht auf Auskunft<br \/>\n\u2022 Recht auf Berichtigung, L\u00f6schung oder eingeschr\u00e4nkter Verarbeitung<br \/>\n\u2022 Recht auf Widerspruch<br \/>\n\u2022 Recht auf Daten\u00fcbertragbarkeit<br \/>\n\u2022 Beschwerderecht bei einer f\u00fcr den Datenschutz zust\u00e4ndigen Aufsichtsbeh\u00f6rde<br \/>\n\u2022 Widerruf erteilter Einwilligungen<br \/>\nVerantwortlich f\u00fcr den Betrieb der Facebookseite ist das im Impressum aufgef\u00fchrte<br \/>\nUnternehmen. <\/p>\n","protected":false},"excerpt":{"rendered":"<p>Datenschutzerkl\u00e4rung f\u00fcr unsere Facebook-Seite \u00dcber Ihren Besuch auf unserer Facebook-Seite [&hellip;]<\/p>\n","protected":false},"author":1,"featured_media":0,"parent":0,"menu_order":0,"comment_status":"closed","ping_status":"closed","template":"","meta":{"footnotes":""},"class_list":["post-546","page","type-page","status-publish","hentry"],"yoast_head":"<!-- This site is optimized with the Yoast SEO plugin v27.0 - https:\/\/yoast.com\/product\/yoast-seo-wordpress\/ -->\n<title>Datenschutz (DSGVO Facebook)<\/title>\n<meta name=\"description\" content=\"Ehlscheid und Fillers Steuerberatung - Ihr digitaler Steuerberater in Neuwied: digitale Steuerberatung, Buchhaltung, L\u00f6hne, Jahresabschluss, Steuererkl\u00e4rung\" \/>\n<meta name=\"robots\" content=\"index, follow, max-snippet:-1, max-image-preview:large, max-video-preview:-1\" \/>\n<link rel=\"canonical\" href=\"https:\/\/www.ihr-digitaler-steuerberater.de\/index.php\/datenschutz-dsgvo-facebook\/\" \/>\n<meta property=\"og:locale\" content=\"de_DE\" \/>\n<meta property=\"og:type\" content=\"article\" \/>\n<meta property=\"og:title\" content=\"Datenschutz (DSGVO Facebook)\" \/>\n<meta property=\"og:description\" content=\"Ehlscheid und Fillers Steuerberatung - Ihr digitaler Steuerberater in Neuwied: digitale Steuerberatung, Buchhaltung, L\u00f6hne, Jahresabschluss, Steuererkl\u00e4rung\" \/>\n<meta property=\"og:url\" content=\"https:\/\/www.ihr-digitaler-steuerberater.de\/index.php\/datenschutz-dsgvo-facebook\/\" \/>\n<meta property=\"og:site_name\" content=\"Steuerberatung Ehlscheid &amp; Fillers\" \/>\n<meta property=\"article:publisher\" content=\"https:\/\/www.facebook.com\/stbehlscheidfillers\" \/>\n<meta name=\"twitter:card\" content=\"summary_large_image\" \/>\n<meta name=\"twitter:label1\" content=\"Gesch\u00e4tzte Lesezeit\" \/>\n\t<meta name=\"twitter:data1\" content=\"4\u00a0Minuten\" \/>\n<script type=\"application\/ld+json\" class=\"yoast-schema-graph\">{\"@context\":\"https:\/\/schema.org\",\"@graph\":[{\"@type\":\"WebPage\",\"@id\":\"https:\/\/www.ihr-digitaler-steuerberater.de\/index.php\/datenschutz-dsgvo-facebook\/\",\"url\":\"https:\/\/www.ihr-digitaler-steuerberater.de\/index.php\/datenschutz-dsgvo-facebook\/\",\"name\":\"Datenschutz (DSGVO Facebook)\",\"isPartOf\":{\"@id\":\"https:\/\/www.ihr-digitaler-steuerberater.de\/#website\"},\"datePublished\":\"2018-11-15T12:49:22+00:00\",\"description\":\"Ehlscheid und Fillers Steuerberatung - Ihr digitaler Steuerberater in Neuwied: digitale Steuerberatung, Buchhaltung, L\u00f6hne, Jahresabschluss, Steuererkl\u00e4rung\",\"breadcrumb\":{\"@id\":\"https:\/\/www.ihr-digitaler-steuerberater.de\/index.php\/datenschutz-dsgvo-facebook\/#breadcrumb\"},\"inLanguage\":\"de\",\"potentialAction\":[{\"@type\":\"ReadAction\",\"target\":[\"https:\/\/www.ihr-digitaler-steuerberater.de\/index.php\/datenschutz-dsgvo-facebook\/\"]}]},{\"@type\":\"BreadcrumbList\",\"@id\":\"https:\/\/www.ihr-digitaler-steuerberater.de\/index.php\/datenschutz-dsgvo-facebook\/#breadcrumb\",\"itemListElement\":[{\"@type\":\"ListItem\",\"position\":1,\"name\":\"Startseite\",\"item\":\"https:\/\/www.ihr-digitaler-steuerberater.de\/\"},{\"@type\":\"ListItem\",\"position\":2,\"name\":\"Datenschutz (DSGVO Facebook)\"}]},{\"@type\":\"WebSite\",\"@id\":\"https:\/\/www.ihr-digitaler-steuerberater.de\/#website\",\"url\":\"https:\/\/www.ihr-digitaler-steuerberater.de\/\",\"name\":\"Steuerberatung Ehlscheid & Fillers\",\"description\":\"Ihr digitaler Steuerberater in Neuwied\",\"publisher\":{\"@id\":\"https:\/\/www.ihr-digitaler-steuerberater.de\/#organization\"},\"potentialAction\":[{\"@type\":\"SearchAction\",\"target\":{\"@type\":\"EntryPoint\",\"urlTemplate\":\"https:\/\/www.ihr-digitaler-steuerberater.de\/?s={search_term_string}\"},\"query-input\":{\"@type\":\"PropertyValueSpecification\",\"valueRequired\":true,\"valueName\":\"search_term_string\"}}],\"inLanguage\":\"de\"},{\"@type\":\"Organization\",\"@id\":\"https:\/\/www.ihr-digitaler-steuerberater.de\/#organization\",\"name\":\"Ehlscheid & Fillers Steuerberatung\",\"url\":\"https:\/\/www.ihr-digitaler-steuerberater.de\/\",\"logo\":{\"@type\":\"ImageObject\",\"inLanguage\":\"de\",\"@id\":\"https:\/\/www.ihr-digitaler-steuerberater.de\/#\/schema\/logo\/image\/\",\"url\":\"https:\/\/www.ihr-digitaler-steuerberater.de\/wp-content\/uploads\/2018\/07\/logo-1.png\",\"contentUrl\":\"https:\/\/www.ihr-digitaler-steuerberater.de\/wp-content\/uploads\/2018\/07\/logo-1.png\",\"width\":245,\"height\":87,\"caption\":\"Ehlscheid & Fillers Steuerberatung\"},\"image\":{\"@id\":\"https:\/\/www.ihr-digitaler-steuerberater.de\/#\/schema\/logo\/image\/\"},\"sameAs\":[\"https:\/\/www.facebook.com\/stbehlscheidfillers\",\"https:\/\/www.linkedin.com\/company\/ehlscheid-fillers-steuerberater\"]}]}<\/script>\n<!-- \/ Yoast SEO plugin. -->","yoast_head_json":{"title":"Datenschutz (DSGVO Facebook)","description":"Ehlscheid und Fillers Steuerberatung - Ihr digitaler Steuerberater in Neuwied: digitale Steuerberatung, Buchhaltung, L\u00f6hne, Jahresabschluss, Steuererkl\u00e4rung","robots":{"index":"index","follow":"follow","max-snippet":"max-snippet:-1","max-image-preview":"max-image-preview:large","max-video-preview":"max-video-preview:-1"},"canonical":"https:\/\/www.ihr-digitaler-steuerberater.de\/index.php\/datenschutz-dsgvo-facebook\/","og_locale":"de_DE","og_type":"article","og_title":"Datenschutz (DSGVO Facebook)","og_description":"Ehlscheid und Fillers Steuerberatung - Ihr digitaler Steuerberater in Neuwied: digitale Steuerberatung, Buchhaltung, L\u00f6hne, Jahresabschluss, Steuererkl\u00e4rung","og_url":"https:\/\/www.ihr-digitaler-steuerberater.de\/index.php\/datenschutz-dsgvo-facebook\/","og_site_name":"Steuerberatung Ehlscheid & Fillers","article_publisher":"https:\/\/www.facebook.com\/stbehlscheidfillers","twitter_card":"summary_large_image","twitter_misc":{"Gesch\u00e4tzte Lesezeit":"4\u00a0Minuten"},"schema":{"@context":"https:\/\/schema.org","@graph":[{"@type":"WebPage","@id":"https:\/\/www.ihr-digitaler-steuerberater.de\/index.php\/datenschutz-dsgvo-facebook\/","url":"https:\/\/www.ihr-digitaler-steuerberater.de\/index.php\/datenschutz-dsgvo-facebook\/","name":"Datenschutz (DSGVO Facebook)","isPartOf":{"@id":"https:\/\/www.ihr-digitaler-steuerberater.de\/#website"},"datePublished":"2018-11-15T12:49:22+00:00","description":"Ehlscheid und Fillers Steuerberatung - Ihr digitaler Steuerberater in Neuwied: digitale Steuerberatung, Buchhaltung, L\u00f6hne, Jahresabschluss, Steuererkl\u00e4rung","breadcrumb":{"@id":"https:\/\/www.ihr-digitaler-steuerberater.de\/index.php\/datenschutz-dsgvo-facebook\/#breadcrumb"},"inLanguage":"de","potentialAction":[{"@type":"ReadAction","target":["https:\/\/www.ihr-digitaler-steuerberater.de\/index.php\/datenschutz-dsgvo-facebook\/"]}]},{"@type":"BreadcrumbList","@id":"https:\/\/www.ihr-digitaler-steuerberater.de\/index.php\/datenschutz-dsgvo-facebook\/#breadcrumb","itemListElement":[{"@type":"ListItem","position":1,"name":"Startseite","item":"https:\/\/www.ihr-digitaler-steuerberater.de\/"},{"@type":"ListItem","position":2,"name":"Datenschutz (DSGVO Facebook)"}]},{"@type":"WebSite","@id":"https:\/\/www.ihr-digitaler-steuerberater.de\/#website","url":"https:\/\/www.ihr-digitaler-steuerberater.de\/","name":"Steuerberatung Ehlscheid & Fillers","description":"Ihr digitaler Steuerberater in Neuwied","publisher":{"@id":"https:\/\/www.ihr-digitaler-steuerberater.de\/#organization"},"potentialAction":[{"@type":"SearchAction","target":{"@type":"EntryPoint","urlTemplate":"https:\/\/www.ihr-digitaler-steuerberater.de\/?s={search_term_string}"},"query-input":{"@type":"PropertyValueSpecification","valueRequired":true,"valueName":"search_term_string"}}],"inLanguage":"de"},{"@type":"Organization","@id":"https:\/\/www.ihr-digitaler-steuerberater.de\/#organization","name":"Ehlscheid & Fillers Steuerberatung","url":"https:\/\/www.ihr-digitaler-steuerberater.de\/","logo":{"@type":"ImageObject","inLanguage":"de","@id":"https:\/\/www.ihr-digitaler-steuerberater.de\/#\/schema\/logo\/image\/","url":"https:\/\/www.ihr-digitaler-steuerberater.de\/wp-content\/uploads\/2018\/07\/logo-1.png","contentUrl":"https:\/\/www.ihr-digitaler-steuerberater.de\/wp-content\/uploads\/2018\/07\/logo-1.png","width":245,"height":87,"caption":"Ehlscheid & Fillers Steuerberatung"},"image":{"@id":"https:\/\/www.ihr-digitaler-steuerberater.de\/#\/schema\/logo\/image\/"},"sameAs":["https:\/\/www.facebook.com\/stbehlscheidfillers","https:\/\/www.linkedin.com\/company\/ehlscheid-fillers-steuerberater"]}]}},"_links":{"self":[{"href":"https:\/\/www.ihr-digitaler-steuerberater.de\/index.php\/wp-json\/wp\/v2\/pages\/546","targetHints":{"allow":["GET"]}}],"collection":[{"href":"https:\/\/www.ihr-digitaler-steuerberater.de\/index.php\/wp-json\/wp\/v2\/pages"}],"about":[{"href":"https:\/\/www.ihr-digitaler-steuerberater.de\/index.php\/wp-json\/wp\/v2\/types\/page"}],"author":[{"embeddable":true,"href":"https:\/\/www.ihr-digitaler-steuerberater.de\/index.php\/wp-json\/wp\/v2\/users\/1"}],"replies":[{"embeddable":true,"href":"https:\/\/www.ihr-digitaler-steuerberater.de\/index.php\/wp-json\/wp\/v2\/comments?post=546"}],"version-history":[{"count":1,"href":"https:\/\/www.ihr-digitaler-steuerberater.de\/index.php\/wp-json\/wp\/v2\/pages\/546\/revisions"}],"predecessor-version":[{"id":547,"href":"https:\/\/www.ihr-digitaler-steuerberater.de\/index.php\/wp-json\/wp\/v2\/pages\/546\/revisions\/547"}],"wp:attachment":[{"href":"https:\/\/www.ihr-digitaler-steuerberater.de\/index.php\/wp-json\/wp\/v2\/media?parent=546"}],"curies":[{"name":"wp","href":"https:\/\/api.w.org\/{rel}","templated":true}]}}