{"id":778,"date":"2025-02-24T13:08:13","date_gmt":"2025-02-24T12:08:13","guid":{"rendered":"https:\/\/www.ihr-digitaler-steuerberater.de\/?page_id=778"},"modified":"2025-02-24T13:18:28","modified_gmt":"2025-02-24T12:18:28","slug":"neumandant","status":"publish","type":"page","link":"https:\/\/www.ihr-digitaler-steuerberater.de\/index.php\/neumandant\/","title":{"rendered":"Neumandanten"},"content":{"rendered":"<div class=\"fusion-fullwidth fullwidth-box fusion-builder-row-1 fusion-flex-container nonhundred-percent-fullwidth non-hundred-percent-height-scrolling\" style=\"--awb-border-radius-top-left:0px;--awb-border-radius-top-right:0px;--awb-border-radius-bottom-right:0px;--awb-border-radius-bottom-left:0px;\" ><div class=\"fusion-builder-row fusion-row fusion-flex-align-items-flex-start\" style=\"max-width:1144px;margin-left: calc(-4% \/ 2 );margin-right: calc(-4% \/ 2 );\"><div class=\"fusion-layout-column fusion_builder_column fusion-builder-column-0 fusion_builder_column_1_1 1_1 fusion-flex-column\" style=\"--awb-bg-size:cover;--awb-width-large:100%;--awb-margin-top-large:0px;--awb-spacing-right-large:1.92%;--awb-margin-bottom-large:0px;--awb-spacing-left-large:1.92%;--awb-width-medium:100%;--awb-spacing-right-medium:1.92%;--awb-spacing-left-medium:1.92%;--awb-width-small:100%;--awb-spacing-right-small:1.92%;--awb-spacing-left-small:1.92%;\"><div class=\"fusion-column-wrapper fusion-flex-justify-content-flex-start fusion-content-layout-column\"><div class=\"fusion-text fusion-text-1\"><h3 data-fontsize=\"16\" style=\"--fontSize: 16; line-height: 1.5; --minFontSize: 16;\" data-lineheight=\"24px\" class=\"fusion-responsive-typography-calculated\">Wir freuen uns, dass Sie an einer Zusammenarbeit mit uns interessiert sind.<br \/><span style=\"background-color: var(--awb-bg-color); color: var(--h3_typography-color); font-family: var(--h3_typography-font-family); font-size: var(--h3_typography-font-size); font-style: var(--h3_typography-font-style,normal); font-weight: var(--h3_typography-font-weight); letter-spacing: var(--h3_typography-letter-spacing); text-align: var(--awb-content-alignment); text-transform: var(--h3_typography-text-transform);\">Bitte f\u00fcllen Sie die nachfolgenden Informationen aus, damit wir absch\u00e4tzen k\u00f6nnen, ob wir Ihrem Unternehmen gerecht werden k\u00f6nnen.<\/p>\n<p>Wir melden uns im Anschluss bei Ihnen. <\/span><\/h3>\n<\/p>\n<style id=\"wpforms-css-vars-747\">\n\t\t\t\t#wpforms-747 {\n\t\t\t\t\n\t\t\t}\n\t\t\t<\/style><div class=\"wpforms-container wpforms-container-full wpforms-render-modern\" id=\"wpforms-747\"><form id=\"wpforms-form-747\" class=\"wpforms-validate wpforms-form wpforms-ajax-form\" data-formid=\"747\" method=\"post\" enctype=\"multipart\/form-data\" action=\"\/index.php\/wp-json\/wp\/v2\/pages\/778\" data-token=\"b36bd2903cab3598176f271bc36bf58f\" data-token-time=\"1776507156\"><noscript class=\"wpforms-error-noscript\">Bitte aktiviere JavaScript in deinem Browser, um dieses Formular fertigzustellen.<\/noscript><div id=\"wpforms-error-noscript\" style=\"display: none;\">Bitte aktiviere JavaScript in deinem Browser, um dieses Formular fertigzustellen.<\/div><div class=\"wpforms-field-container\"><div id=\"wpforms-747-field_16-container\" class=\"wpforms-field wpforms-field-name\" data-field-id=\"16\"><fieldset><legend class=\"wpforms-field-label\">Name <span class=\"wpforms-required-label\" aria-hidden=\"true\">*<\/span><\/legend><div class=\"wpforms-field-row wpforms-field-medium\"><div class=\"wpforms-field-row-block wpforms-first wpforms-one-half\"><input type=\"text\" id=\"wpforms-747-field_16\" class=\"wpforms-field-name-first wpforms-field-required\" name=\"wpforms[fields][16][first]\" aria-errormessage=\"wpforms-747-field_16-error\" required><label for=\"wpforms-747-field_16\" class=\"wpforms-field-sublabel after\">Vorname<\/label><\/div><div class=\"wpforms-field-row-block wpforms-one-half\"><input type=\"text\" id=\"wpforms-747-field_16-last\" class=\"wpforms-field-name-last wpforms-field-required\" name=\"wpforms[fields][16][last]\" aria-errormessage=\"wpforms-747-field_16-last-error\" required><label for=\"wpforms-747-field_16-last\" class=\"wpforms-field-sublabel after\">Nachname<\/label><\/div><\/div><\/fieldset><\/div><div id=\"wpforms-747-field_15-container\" class=\"wpforms-field wpforms-field-email\" data-field-id=\"15\"><label class=\"wpforms-field-label\" for=\"wpforms-747-field_15\">E-Mail-Adresse <span class=\"wpforms-required-label\" aria-hidden=\"true\">*<\/span><\/label><input type=\"email\" id=\"wpforms-747-field_15\" class=\"wpforms-field-medium wpforms-field-required\" name=\"wpforms[fields][15]\" spellcheck=\"false\" aria-errormessage=\"wpforms-747-field_15-error\" required><\/div><div id=\"wpforms-747-field_14-container\" class=\"wpforms-field wpforms-field-phone\" data-field-id=\"14\"><label class=\"wpforms-field-label\" for=\"wpforms-747-field_14\">Telefonnummer <span class=\"wpforms-required-label\" aria-hidden=\"true\">*<\/span><\/label><input type=\"tel\" id=\"wpforms-747-field_14\" class=\"wpforms-field-medium wpforms-field-required wpforms-smart-phone-field\" data-rule-smart-phone-field=\"true\" name=\"wpforms[fields][14]\" aria-label=\"Telefonnummer\" aria-errormessage=\"wpforms-747-field_14-error\" required><\/div><div id=\"wpforms-747-field_9-container\" class=\"wpforms-field wpforms-field-radio wpforms-conditional-trigger\" data-field-id=\"9\"><fieldset><legend class=\"wpforms-field-label\">Umfang des Mandats <span class=\"wpforms-required-label\" aria-hidden=\"true\">*<\/span><\/legend><ul id=\"wpforms-747-field_9\" class=\"wpforms-field-required\"><li class=\"choice-1 depth-1\"><input type=\"radio\" id=\"wpforms-747-field_9_1\" name=\"wpforms[fields][9]\" value=\"Unternehmen\" aria-errormessage=\"wpforms-747-field_9_1-error\" required ><label class=\"wpforms-field-label-inline\" for=\"wpforms-747-field_9_1\">Unternehmen<\/label><\/li><li class=\"choice-2 depth-1\"><input type=\"radio\" id=\"wpforms-747-field_9_2\" name=\"wpforms[fields][9]\" value=\"Einkommensteuererkl\u00e4rung\" aria-errormessage=\"wpforms-747-field_9_2-error\" required ><label class=\"wpforms-field-label-inline\" for=\"wpforms-747-field_9_2\">Einkommensteuererkl\u00e4rung<\/label><\/li><li class=\"choice-4 depth-1\"><input type=\"radio\" id=\"wpforms-747-field_9_4\" name=\"wpforms[fields][9]\" value=\"Sonstiger Auftrag\" aria-errormessage=\"wpforms-747-field_9_4-error\" required ><label class=\"wpforms-field-label-inline\" for=\"wpforms-747-field_9_4\">Sonstiger Auftrag<\/label><\/li><\/ul><\/fieldset><\/div><div id=\"wpforms-747-field_6-container\" class=\"wpforms-field wpforms-field-text wpforms-conditional-field wpforms-conditional-show\" data-field-id=\"6\" style=\"display:none;\"><label class=\"wpforms-field-label\" for=\"wpforms-747-field_6\">Unternehmensname <\/label><input type=\"text\" id=\"wpforms-747-field_6\" class=\"wpforms-field-medium\" name=\"wpforms[fields][6]\" aria-errormessage=\"wpforms-747-field_6-error\" aria-describedby=\"wpforms-747-field_6-description\" ><div id=\"wpforms-747-field_6-description\" class=\"wpforms-field-description\">Die Angabe ist freiwillig<\/div><\/div><div id=\"wpforms-747-field_24-container\" class=\"wpforms-field wpforms-field-text wpforms-conditional-field wpforms-conditional-show\" data-field-id=\"24\" style=\"display:none;\"><label class=\"wpforms-field-label\" for=\"wpforms-747-field_24\">Branche<\/label><input type=\"text\" id=\"wpforms-747-field_24\" class=\"wpforms-field-medium\" name=\"wpforms[fields][24]\" aria-errormessage=\"wpforms-747-field_24-error\" aria-describedby=\"wpforms-747-field_24-description\" ><div id=\"wpforms-747-field_24-description\" class=\"wpforms-field-description\">Beschreiben Sie bitte kurz den Gegenstand Ihres Unternehmens<\/div><\/div><div id=\"wpforms-747-field_11-container\" class=\"wpforms-field wpforms-field-select wpforms-conditional-field wpforms-conditional-show wpforms-field-select-style-classic\" data-field-id=\"11\" style=\"display:none;\"><label class=\"wpforms-field-label\" for=\"wpforms-747-field_11\">Anzahl Mitarbeiter<\/label><select id=\"wpforms-747-field_11\" class=\"wpforms-field-medium\" name=\"wpforms[fields][11]\"><option value=\"0 bis 5\"  class=\"choice-1 depth-1\"  >0 bis 5<\/option><option value=\"6 bis 24\"  class=\"choice-2 depth-1\"  >6 bis 24<\/option><option value=\"\u00fcber 25\"  class=\"choice-3 depth-1\"  >\u00fcber 25<\/option><\/select><div id=\"wpforms-747-field_11-description\" class=\"wpforms-field-description\">Bitte beschreiben Sie die Anzahl der abzurechnenden Lohnabrechnungen pro Monat<\/div><\/div><div id=\"wpforms-747-field_12-container\" class=\"wpforms-field wpforms-field-select wpforms-conditional-field wpforms-conditional-show wpforms-field-select-style-classic\" data-field-id=\"12\" style=\"display:none;\"><label class=\"wpforms-field-label\" for=\"wpforms-747-field_12\">Anzahl Buchhaltungsbelege pro Monat<\/label><select id=\"wpforms-747-field_12\" class=\"wpforms-field-medium\" name=\"wpforms[fields][12]\"><option value=\"0 bis 50\"  class=\"choice-1 depth-1\"  >0 bis 50<\/option><option value=\"51 bis 250\"  class=\"choice-2 depth-1\"  >51 bis 250<\/option><option value=\"\u00fcber 250\"  class=\"choice-3 depth-1\"  >\u00fcber 250<\/option><\/select><div id=\"wpforms-747-field_12-description\" class=\"wpforms-field-description\">Die Summe der Eingangs-, Ausgangs- und Kassenbelege pro Monat (gesch\u00e4tzt) zur Absch\u00e4tzung des Umfangs der Buchhaltung<\/div><\/div><div id=\"wpforms-747-field_20-container\" class=\"wpforms-field wpforms-field-checkbox wpforms-conditional-field wpforms-conditional-show\" data-field-id=\"20\" style=\"display:none;\"><fieldset><legend class=\"wpforms-field-label\">Einkunftsarten (Mehrfachauswahl m\u00f6glich)<\/legend><ul id=\"wpforms-747-field_20\"><li class=\"choice-1 depth-1\"><input type=\"checkbox\" id=\"wpforms-747-field_20_1\" name=\"wpforms[fields][20][]\" value=\"Land- und Forstwirtschaft\" aria-errormessage=\"wpforms-747-field_20_1-error\"  ><label class=\"wpforms-field-label-inline\" for=\"wpforms-747-field_20_1\">Land- und Forstwirtschaft<\/label><\/li><li class=\"choice-2 depth-1\"><input type=\"checkbox\" id=\"wpforms-747-field_20_2\" name=\"wpforms[fields][20][]\" value=\"Gewerbebetrieb\" aria-errormessage=\"wpforms-747-field_20_2-error\"  ><label class=\"wpforms-field-label-inline\" for=\"wpforms-747-field_20_2\">Gewerbebetrieb<\/label><\/li><li class=\"choice-3 depth-1\"><input type=\"checkbox\" id=\"wpforms-747-field_20_3\" name=\"wpforms[fields][20][]\" value=\"Selbstst\u00e4ndige T\u00e4tigkeit\" aria-errormessage=\"wpforms-747-field_20_3-error\"  ><label class=\"wpforms-field-label-inline\" for=\"wpforms-747-field_20_3\">Selbstst\u00e4ndige T\u00e4tigkeit<\/label><\/li><li class=\"choice-4 depth-1\"><input type=\"checkbox\" id=\"wpforms-747-field_20_4\" name=\"wpforms[fields][20][]\" value=\"Angestellten T\u00e4tigkeit\" aria-errormessage=\"wpforms-747-field_20_4-error\"  ><label class=\"wpforms-field-label-inline\" for=\"wpforms-747-field_20_4\">Angestellten T\u00e4tigkeit<\/label><\/li><li class=\"choice-5 depth-1\"><input type=\"checkbox\" id=\"wpforms-747-field_20_5\" name=\"wpforms[fields][20][]\" value=\"Vermietung und Verpachtung\" aria-errormessage=\"wpforms-747-field_20_5-error\"  ><label class=\"wpforms-field-label-inline\" for=\"wpforms-747-field_20_5\">Vermietung und Verpachtung<\/label><\/li><li class=\"choice-6 depth-1\"><input type=\"checkbox\" id=\"wpforms-747-field_20_6\" name=\"wpforms[fields][20][]\" value=\"Kapitaleink\u00fcnfte\" aria-errormessage=\"wpforms-747-field_20_6-error\"  ><label class=\"wpforms-field-label-inline\" for=\"wpforms-747-field_20_6\">Kapitaleink\u00fcnfte<\/label><\/li><li class=\"choice-7 depth-1\"><input type=\"checkbox\" id=\"wpforms-747-field_20_7\" name=\"wpforms[fields][20][]\" value=\"Sonstiges (Rente, etc.)\" aria-errormessage=\"wpforms-747-field_20_7-error\"  ><label class=\"wpforms-field-label-inline\" for=\"wpforms-747-field_20_7\">Sonstiges (Rente, etc.)<\/label><\/li><\/ul><\/fieldset><\/div><div id=\"wpforms-747-field_22-container\" class=\"wpforms-field wpforms-field-text wpforms-conditional-field wpforms-conditional-show\" data-field-id=\"22\" style=\"display:none;\"><label class=\"wpforms-field-label\" for=\"wpforms-747-field_22\">Zu erstellende Jahre<\/label><input type=\"text\" id=\"wpforms-747-field_22\" class=\"wpforms-field-medium\" name=\"wpforms[fields][22]\" aria-errormessage=\"wpforms-747-field_22-error\" aria-describedby=\"wpforms-747-field_22-description\" ><div id=\"wpforms-747-field_22-description\" class=\"wpforms-field-description\">Ab welchem Kalenderjahr sind die Steuererkl\u00e4rungen zu erstellen<\/div><\/div><div id=\"wpforms-747-field_19-container\" class=\"wpforms-field wpforms-field-richtext wpforms-conditional-field wpforms-conditional-show wpforms-field-richtext-toolbar-basic wpforms-field-medium\" data-field-id=\"19\" style=\"display:none;\"><fieldset><legend class=\"wpforms-field-label\">Sonstige Informationen<\/legend><div id=\"wp-wpforms-747-field_19-wrap\" class=\"wp-core-ui wp-editor-wrap tmce-active\"><link rel='stylesheet' id='dashicons-css' href='https:\/\/www.ihr-digitaler-steuerberater.de\/wp-includes\/css\/dashicons.min.css?ver=6.9.4' type='text\/css' media='all' \/>\n<link rel='stylesheet' id='editor-buttons-css' href='https:\/\/www.ihr-digitaler-steuerberater.de\/wp-includes\/css\/editor.min.css?ver=6.9.4' type='text\/css' media='all' \/>\n<div id=\"wp-wpforms-747-field_19-editor-tools\" class=\"wp-editor-tools hide-if-no-js\"><div class=\"wp-editor-tabs\"><button type=\"button\" id=\"wpforms-747-field_19-tmce\" aria-pressed=\"true\" class=\"wp-switch-editor switch-tmce\" data-wp-editor-id=\"wpforms-747-field_19\">Visuell<\/button>\n<button type=\"button\" id=\"wpforms-747-field_19-html\" class=\"wp-switch-editor switch-html\" data-wp-editor-id=\"wpforms-747-field_19\">Code<\/button>\n<\/div>\n<\/div>\n<div id=\"wp-wpforms-747-field_19-editor-container\" class=\"wp-editor-container\"><div id=\"qt_wpforms-747-field_19_toolbar\" class=\"quicktags-toolbar hide-if-no-js\"><\/div><textarea class=\"wp-editor-area\" style=\"height: 120px\" autocomplete=\"off\" cols=\"40\" name=\"wpforms[fields][19]\" id=\"wpforms-747-field_19\"><\/textarea><\/div>\n<\/div>\n\n<div id=\"wpforms-747-field_19-description\" class=\"wpforms-field-description\">Was Sie uns sonst noch mitteilen wollen<\/div><\/fieldset><\/div>\t\t<div id=\"wpforms-747-field_1-container\"\n\t\t\tclass=\"wpforms-field wpforms-field-text\"\n\t\t\tdata-field-type=\"text\"\n\t\t\tdata-field-id=\"1\"\n\t\t\t>\n\t\t\t<label class=\"wpforms-field-label\" for=\"wpforms-747-field_1\" >Informationen  Unternehmensname<\/label>\n\t\t\t<input type=\"text\" id=\"wpforms-747-field_1\" class=\"wpforms-field-medium\" name=\"wpforms[fields][1]\" >\n\t\t<\/div>\n\t\t<div id=\"wpforms-747-field_23-container\" class=\"wpforms-field wpforms-field-richtext wpforms-conditional-field wpforms-conditional-show wpforms-field-medium\" data-field-id=\"23\" style=\"display:none;\"><fieldset><legend class=\"wpforms-field-label\">Art des Auftrages<\/legend><div id=\"wp-wpforms-747-field_23-wrap\" class=\"wp-core-ui wp-editor-wrap tmce-active\"><div id=\"wp-wpforms-747-field_23-editor-tools\" class=\"wp-editor-tools hide-if-no-js\"><div class=\"wp-editor-tabs\"><button type=\"button\" id=\"wpforms-747-field_23-tmce\" aria-pressed=\"true\" class=\"wp-switch-editor switch-tmce\" data-wp-editor-id=\"wpforms-747-field_23\">Visuell<\/button>\n<button type=\"button\" id=\"wpforms-747-field_23-html\" class=\"wp-switch-editor switch-html\" data-wp-editor-id=\"wpforms-747-field_23\">Code<\/button>\n<\/div>\n<\/div>\n<div id=\"wp-wpforms-747-field_23-editor-container\" class=\"wp-editor-container\"><div id=\"qt_wpforms-747-field_23_toolbar\" class=\"quicktags-toolbar hide-if-no-js\"><\/div><textarea class=\"wp-editor-area\" style=\"height: 120px\" autocomplete=\"off\" cols=\"40\" name=\"wpforms[fields][23]\" id=\"wpforms-747-field_23\"><\/textarea><\/div>\n<\/div>\n\n<div id=\"wpforms-747-field_23-description\" class=\"wpforms-field-description\">Bitte beschreiben Sie uns die Art und Umfang des Auftrages<\/div><\/fieldset><\/div><script>\n\t\t\t\t( function() {\n\t\t\t\t\tconst style = document.createElement( 'style' );\n\t\t\t\t\tstyle.appendChild( document.createTextNode( '#wpforms-747-field_1-container { position: absolute !important; overflow: hidden !important; display: inline !important; height: 1px !important; width: 1px !important; z-index: -1000 !important; padding: 0 !important; } #wpforms-747-field_1-container input { visibility: hidden; } #wpforms-conversational-form-page #wpforms-747-field_1-container label { counter-increment: none; }' ) );\n\t\t\t\t\tdocument.head.appendChild( style );\n\t\t\t\t\tdocument.currentScript?.remove();\n\t\t\t\t} )();\n\t\t\t<\/script><\/div><!-- .wpforms-field-container --><div class=\"wpforms-submit-container\" ><input type=\"hidden\" name=\"wpforms[id]\" value=\"747\"><input type=\"hidden\" name=\"page_title\" value=\"\"><input type=\"hidden\" name=\"page_url\" value=\"https:\/\/www.ihr-digitaler-steuerberater.de\/index.php\/wp-json\/wp\/v2\/pages\/778\"><input type=\"hidden\" name=\"url_referer\" value=\"\"><button type=\"submit\" name=\"wpforms[submit]\" id=\"wpforms-submit-747\" class=\"wpforms-submit\" data-alt-text=\"Wird gesendet\u00a0\u2026\" data-submit-text=\"Absenden\" aria-live=\"assertive\" value=\"wpforms-submit\">Absenden<\/button><img decoding=\"async\" src=\"https:\/\/www.ihr-digitaler-steuerberater.de\/wp-content\/plugins\/wpforms\/assets\/images\/submit-spin.svg\" class=\"wpforms-submit-spinner\" style=\"display: none;\" width=\"26\" height=\"26\" alt=\"Wird geladen\"><\/div><\/form><\/div>  <!-- .wpforms-container -->\n<\/div><\/div><\/div><\/div><\/div>\n","protected":false},"excerpt":{"rendered":"","protected":false},"author":1,"featured_media":0,"parent":0,"menu_order":0,"comment_status":"closed","ping_status":"closed","template":"","meta":{"footnotes":""},"class_list":["post-778","page","type-page","status-publish","hentry"],"yoast_head":"<!-- This site is optimized with the Yoast SEO plugin v27.0 - https:\/\/yoast.com\/product\/yoast-seo-wordpress\/ -->\n<title>Neumandanten<\/title>\n<meta name=\"description\" content=\"Ehlscheid und Fillers Steuerberatung - Ihr digitaler Steuerberater in Neuwied: digitale Steuerberatung, Buchhaltung, L\u00f6hne, Jahresabschluss, Steuererkl\u00e4rung\" \/>\n<meta name=\"robots\" content=\"index, follow, max-snippet:-1, max-image-preview:large, max-video-preview:-1\" \/>\n<link rel=\"canonical\" href=\"https:\/\/www.ihr-digitaler-steuerberater.de\/index.php\/neumandant\/\" \/>\n<meta property=\"og:locale\" content=\"de_DE\" \/>\n<meta property=\"og:type\" content=\"article\" \/>\n<meta property=\"og:title\" content=\"Neumandanten\" \/>\n<meta property=\"og:description\" content=\"Ehlscheid und Fillers Steuerberatung - Ihr digitaler Steuerberater in Neuwied: digitale Steuerberatung, Buchhaltung, L\u00f6hne, Jahresabschluss, Steuererkl\u00e4rung\" \/>\n<meta property=\"og:url\" content=\"https:\/\/www.ihr-digitaler-steuerberater.de\/index.php\/neumandant\/\" \/>\n<meta property=\"og:site_name\" content=\"Steuerberatung Ehlscheid &amp; Fillers\" \/>\n<meta property=\"article:publisher\" content=\"https:\/\/www.facebook.com\/stbehlscheidfillers\" \/>\n<meta property=\"article:modified_time\" content=\"2025-02-24T12:18:28+00:00\" \/>\n<meta name=\"twitter:card\" content=\"summary_large_image\" \/>\n<meta name=\"twitter:label1\" content=\"Gesch\u00e4tzte Lesezeit\" \/>\n\t<meta name=\"twitter:data1\" content=\"1\u00a0Minute\" \/>\n<script type=\"application\/ld+json\" class=\"yoast-schema-graph\">{\"@context\":\"https:\/\/schema.org\",\"@graph\":[{\"@type\":\"WebPage\",\"@id\":\"https:\/\/www.ihr-digitaler-steuerberater.de\/index.php\/neumandant\/\",\"url\":\"https:\/\/www.ihr-digitaler-steuerberater.de\/index.php\/neumandant\/\",\"name\":\"Neumandanten\",\"isPartOf\":{\"@id\":\"https:\/\/www.ihr-digitaler-steuerberater.de\/#website\"},\"datePublished\":\"2025-02-24T12:08:13+00:00\",\"dateModified\":\"2025-02-24T12:18:28+00:00\",\"description\":\"Ehlscheid und Fillers Steuerberatung - Ihr digitaler Steuerberater in Neuwied: digitale Steuerberatung, Buchhaltung, L\u00f6hne, Jahresabschluss, Steuererkl\u00e4rung\",\"breadcrumb\":{\"@id\":\"https:\/\/www.ihr-digitaler-steuerberater.de\/index.php\/neumandant\/#breadcrumb\"},\"inLanguage\":\"de\",\"potentialAction\":[{\"@type\":\"ReadAction\",\"target\":[\"https:\/\/www.ihr-digitaler-steuerberater.de\/index.php\/neumandant\/\"]}]},{\"@type\":\"BreadcrumbList\",\"@id\":\"https:\/\/www.ihr-digitaler-steuerberater.de\/index.php\/neumandant\/#breadcrumb\",\"itemListElement\":[{\"@type\":\"ListItem\",\"position\":1,\"name\":\"Startseite\",\"item\":\"https:\/\/www.ihr-digitaler-steuerberater.de\/\"},{\"@type\":\"ListItem\",\"position\":2,\"name\":\"Neumandanten\"}]},{\"@type\":\"WebSite\",\"@id\":\"https:\/\/www.ihr-digitaler-steuerberater.de\/#website\",\"url\":\"https:\/\/www.ihr-digitaler-steuerberater.de\/\",\"name\":\"Steuerberatung Ehlscheid & Fillers\",\"description\":\"Ihr digitaler Steuerberater in Neuwied\",\"publisher\":{\"@id\":\"https:\/\/www.ihr-digitaler-steuerberater.de\/#organization\"},\"potentialAction\":[{\"@type\":\"SearchAction\",\"target\":{\"@type\":\"EntryPoint\",\"urlTemplate\":\"https:\/\/www.ihr-digitaler-steuerberater.de\/?s={search_term_string}\"},\"query-input\":{\"@type\":\"PropertyValueSpecification\",\"valueRequired\":true,\"valueName\":\"search_term_string\"}}],\"inLanguage\":\"de\"},{\"@type\":\"Organization\",\"@id\":\"https:\/\/www.ihr-digitaler-steuerberater.de\/#organization\",\"name\":\"Ehlscheid & Fillers Steuerberatung\",\"url\":\"https:\/\/www.ihr-digitaler-steuerberater.de\/\",\"logo\":{\"@type\":\"ImageObject\",\"inLanguage\":\"de\",\"@id\":\"https:\/\/www.ihr-digitaler-steuerberater.de\/#\/schema\/logo\/image\/\",\"url\":\"https:\/\/www.ihr-digitaler-steuerberater.de\/wp-content\/uploads\/2018\/07\/logo-1.png\",\"contentUrl\":\"https:\/\/www.ihr-digitaler-steuerberater.de\/wp-content\/uploads\/2018\/07\/logo-1.png\",\"width\":245,\"height\":87,\"caption\":\"Ehlscheid & Fillers Steuerberatung\"},\"image\":{\"@id\":\"https:\/\/www.ihr-digitaler-steuerberater.de\/#\/schema\/logo\/image\/\"},\"sameAs\":[\"https:\/\/www.facebook.com\/stbehlscheidfillers\",\"https:\/\/www.linkedin.com\/company\/ehlscheid-fillers-steuerberater\"]}]}<\/script>\n<!-- \/ Yoast SEO plugin. -->","yoast_head_json":{"title":"Neumandanten","description":"Ehlscheid und Fillers Steuerberatung - Ihr digitaler Steuerberater in Neuwied: digitale Steuerberatung, Buchhaltung, L\u00f6hne, Jahresabschluss, Steuererkl\u00e4rung","robots":{"index":"index","follow":"follow","max-snippet":"max-snippet:-1","max-image-preview":"max-image-preview:large","max-video-preview":"max-video-preview:-1"},"canonical":"https:\/\/www.ihr-digitaler-steuerberater.de\/index.php\/neumandant\/","og_locale":"de_DE","og_type":"article","og_title":"Neumandanten","og_description":"Ehlscheid und Fillers Steuerberatung - Ihr digitaler Steuerberater in Neuwied: digitale Steuerberatung, Buchhaltung, L\u00f6hne, Jahresabschluss, Steuererkl\u00e4rung","og_url":"https:\/\/www.ihr-digitaler-steuerberater.de\/index.php\/neumandant\/","og_site_name":"Steuerberatung Ehlscheid & Fillers","article_publisher":"https:\/\/www.facebook.com\/stbehlscheidfillers","article_modified_time":"2025-02-24T12:18:28+00:00","twitter_card":"summary_large_image","twitter_misc":{"Gesch\u00e4tzte Lesezeit":"1\u00a0Minute"},"schema":{"@context":"https:\/\/schema.org","@graph":[{"@type":"WebPage","@id":"https:\/\/www.ihr-digitaler-steuerberater.de\/index.php\/neumandant\/","url":"https:\/\/www.ihr-digitaler-steuerberater.de\/index.php\/neumandant\/","name":"Neumandanten","isPartOf":{"@id":"https:\/\/www.ihr-digitaler-steuerberater.de\/#website"},"datePublished":"2025-02-24T12:08:13+00:00","dateModified":"2025-02-24T12:18:28+00:00","description":"Ehlscheid und Fillers Steuerberatung - Ihr digitaler Steuerberater in Neuwied: digitale Steuerberatung, Buchhaltung, L\u00f6hne, Jahresabschluss, Steuererkl\u00e4rung","breadcrumb":{"@id":"https:\/\/www.ihr-digitaler-steuerberater.de\/index.php\/neumandant\/#breadcrumb"},"inLanguage":"de","potentialAction":[{"@type":"ReadAction","target":["https:\/\/www.ihr-digitaler-steuerberater.de\/index.php\/neumandant\/"]}]},{"@type":"BreadcrumbList","@id":"https:\/\/www.ihr-digitaler-steuerberater.de\/index.php\/neumandant\/#breadcrumb","itemListElement":[{"@type":"ListItem","position":1,"name":"Startseite","item":"https:\/\/www.ihr-digitaler-steuerberater.de\/"},{"@type":"ListItem","position":2,"name":"Neumandanten"}]},{"@type":"WebSite","@id":"https:\/\/www.ihr-digitaler-steuerberater.de\/#website","url":"https:\/\/www.ihr-digitaler-steuerberater.de\/","name":"Steuerberatung Ehlscheid & Fillers","description":"Ihr digitaler Steuerberater in Neuwied","publisher":{"@id":"https:\/\/www.ihr-digitaler-steuerberater.de\/#organization"},"potentialAction":[{"@type":"SearchAction","target":{"@type":"EntryPoint","urlTemplate":"https:\/\/www.ihr-digitaler-steuerberater.de\/?s={search_term_string}"},"query-input":{"@type":"PropertyValueSpecification","valueRequired":true,"valueName":"search_term_string"}}],"inLanguage":"de"},{"@type":"Organization","@id":"https:\/\/www.ihr-digitaler-steuerberater.de\/#organization","name":"Ehlscheid & Fillers Steuerberatung","url":"https:\/\/www.ihr-digitaler-steuerberater.de\/","logo":{"@type":"ImageObject","inLanguage":"de","@id":"https:\/\/www.ihr-digitaler-steuerberater.de\/#\/schema\/logo\/image\/","url":"https:\/\/www.ihr-digitaler-steuerberater.de\/wp-content\/uploads\/2018\/07\/logo-1.png","contentUrl":"https:\/\/www.ihr-digitaler-steuerberater.de\/wp-content\/uploads\/2018\/07\/logo-1.png","width":245,"height":87,"caption":"Ehlscheid & Fillers Steuerberatung"},"image":{"@id":"https:\/\/www.ihr-digitaler-steuerberater.de\/#\/schema\/logo\/image\/"},"sameAs":["https:\/\/www.facebook.com\/stbehlscheidfillers","https:\/\/www.linkedin.com\/company\/ehlscheid-fillers-steuerberater"]}]}},"_links":{"self":[{"href":"https:\/\/www.ihr-digitaler-steuerberater.de\/index.php\/wp-json\/wp\/v2\/pages\/778","targetHints":{"allow":["GET"]}}],"collection":[{"href":"https:\/\/www.ihr-digitaler-steuerberater.de\/index.php\/wp-json\/wp\/v2\/pages"}],"about":[{"href":"https:\/\/www.ihr-digitaler-steuerberater.de\/index.php\/wp-json\/wp\/v2\/types\/page"}],"author":[{"embeddable":true,"href":"https:\/\/www.ihr-digitaler-steuerberater.de\/index.php\/wp-json\/wp\/v2\/users\/1"}],"replies":[{"embeddable":true,"href":"https:\/\/www.ihr-digitaler-steuerberater.de\/index.php\/wp-json\/wp\/v2\/comments?post=778"}],"version-history":[{"count":9,"href":"https:\/\/www.ihr-digitaler-steuerberater.de\/index.php\/wp-json\/wp\/v2\/pages\/778\/revisions"}],"predecessor-version":[{"id":788,"href":"https:\/\/www.ihr-digitaler-steuerberater.de\/index.php\/wp-json\/wp\/v2\/pages\/778\/revisions\/788"}],"wp:attachment":[{"href":"https:\/\/www.ihr-digitaler-steuerberater.de\/index.php\/wp-json\/wp\/v2\/media?parent=778"}],"curies":[{"name":"wp","href":"https:\/\/api.w.org\/{rel}","templated":true}]}}